{"id":996,"date":"2024-02-23T19:20:10","date_gmt":"2024-02-23T18:20:10","guid":{"rendered":"https:\/\/doktoranci.uksw.edu.pl\/?page_id=996"},"modified":"2024-02-29T11:49:21","modified_gmt":"2024-02-29T10:49:21","slug":"rzecznik-praw-doktoranta","status":"publish","type":"page","link":"https:\/\/doktoranci.uksw.edu.pl\/rzecznik-praw-doktoranta\/","title":{"rendered":"Rzecznik Praw Doktoranta"},"content":{"rendered":"\n<p>Czasami pewne sytuacje przerastaj\u0105 mo\u017cliwo\u015bci samodzielnego rozwi\u0105zania, lub te\u017c niekiedy mo\u017ce si\u0119 ujawni\u0107 poczucie, \u017ce&nbsp;prawa doktoranta mog\u0105 by\u0107 naruszone.<br>W&nbsp;przypadku wszelkich problem\u00f3w zwi\u0105zanych z&nbsp;prawami i&nbsp;obowi\u0105zkami doktoranta mo\u017cesz swoje zapytanie skierowa\u0107 do&nbsp;Rzecznika Praw Doktoranta.<\/p>\n\n\n\n<p>Aktualnie funkcj\u0119 Rzecznika pe\u0142ni: mgr\u00a0Malwina Tkacz<br>Skontaktowa\u0107 si\u0119 mo\u017cesz poprzez adres e-mail: rpd.uksw@gmail.com<br><\/p>\n\n\n\n<figure class=\"wp-block-image size-full\"><img loading=\"lazy\" decoding=\"async\" width=\"940\" height=\"788\" src=\"https:\/\/doktoranci.uksw.edu.pl\/wp-content\/uploads\/sites\/54\/2024\/02\/426833001_410110134884287_6655205272423496198_n-2.png\" alt=\"\" class=\"wp-image-1095\" srcset=\"https:\/\/doktoranci.uksw.edu.pl\/wp-content\/uploads\/sites\/54\/2024\/02\/426833001_410110134884287_6655205272423496198_n-2.png 940w, https:\/\/doktoranci.uksw.edu.pl\/wp-content\/uploads\/sites\/54\/2024\/02\/426833001_410110134884287_6655205272423496198_n-2-300x251.png 300w, https:\/\/doktoranci.uksw.edu.pl\/wp-content\/uploads\/sites\/54\/2024\/02\/426833001_410110134884287_6655205272423496198_n-2-768x644.png 768w\" sizes=\"auto, (max-width: 940px) 100vw, 940px\" \/><\/figure>\n","protected":false},"excerpt":{"rendered":"<p>Czasami pewne sytuacje przerastaj\u0105 mo\u017cliwo\u015bci samodzielnego rozwi\u0105zania, lub te\u017c niekiedy mo\u017ce si\u0119 ujawni\u0107 poczucie, \u017ce&nbsp;prawa doktoranta mog\u0105 by\u0107 naruszone.W&nbsp;przypadku wszelkich problem\u00f3w zwi\u0105zanych z&nbsp;prawami i&nbsp;obowi\u0105zkami doktoranta mo\u017cesz swoje zapytanie skierowa\u0107 do&nbsp;Rzecznika Praw Doktoranta. Aktualnie funkcj\u0119 Rzecznika pe\u0142ni: mgr\u00a0Malwina TkaczSkontaktowa\u0107 si\u0119 mo\u017cesz poprzez adres e-mail: rpd.uksw@gmail.com<\/p>\n","protected":false},"author":83,"featured_media":0,"parent":0,"menu_order":0,"comment_status":"closed","ping_status":"closed","template":"","meta":{"_acf_changed":false,"inline_featured_image":false,"footnotes":"","_links_to":"","_links_to_target":""},"class_list":["post-996","page","type-page","status-publish","hentry"],"acf":[],"_links":{"self":[{"href":"https:\/\/doktoranci.uksw.edu.pl\/pl\/wp-json\/wp\/v2\/pages\/996","targetHints":{"allow":["GET"]}}],"collection":[{"href":"https:\/\/doktoranci.uksw.edu.pl\/pl\/wp-json\/wp\/v2\/pages"}],"about":[{"href":"https:\/\/doktoranci.uksw.edu.pl\/pl\/wp-json\/wp\/v2\/types\/page"}],"author":[{"embeddable":true,"href":"https:\/\/doktoranci.uksw.edu.pl\/pl\/wp-json\/wp\/v2\/users\/83"}],"replies":[{"embeddable":true,"href":"https:\/\/doktoranci.uksw.edu.pl\/pl\/wp-json\/wp\/v2\/comments?post=996"}],"version-history":[{"count":3,"href":"https:\/\/doktoranci.uksw.edu.pl\/pl\/wp-json\/wp\/v2\/pages\/996\/revisions"}],"predecessor-version":[{"id":1096,"href":"https:\/\/doktoranci.uksw.edu.pl\/pl\/wp-json\/wp\/v2\/pages\/996\/revisions\/1096"}],"wp:attachment":[{"href":"https:\/\/doktoranci.uksw.edu.pl\/pl\/wp-json\/wp\/v2\/media?parent=996"}],"curies":[{"name":"wp","href":"https:\/\/api.w.org\/{rel}","templated":true}]}}