{"id":981,"date":"2024-02-23T19:13:33","date_gmt":"2024-02-23T18:13:33","guid":{"rendered":"https:\/\/doktoranci.uksw.edu.pl\/?page_id=981"},"modified":"2024-02-23T19:14:11","modified_gmt":"2024-02-23T18:14:11","slug":"struktura","status":"publish","type":"page","link":"https:\/\/doktoranci.uksw.edu.pl\/struktura\/","title":{"rendered":"Struktura"},"content":{"rendered":"\n<p>Na&nbsp;mocy ustawy z&nbsp;dnia 20 lipca 2018&nbsp;r. \u2013 <em>Prawo o&nbsp;szkolnictwie wy\u017cszym i&nbsp;nauce<\/em>, zwanej dalej \u201eUstaw\u0105\u201d, Samorz\u0105d Doktorant\u00f3w Uniwersytetu Kardyna\u0142a Stefana Wyszy\u0144skiego nazywany inaczej samorz\u0105dem, tworz\u0105 doktoranci Szko\u0142y Doktorskiej Uniwersytetu Kardyna\u0142a Stefana Wyszy\u0144skiego w&nbsp;Warszawie.<\/p>\n\n\n\n<p>Samorz\u0105d Doktorant\u00f3w UKSW, jest wy\u0142\u0105cznym reprezentant\u00f3w co&nbsp;do&nbsp;og\u00f3\u0142u doktorant\u00f3w na&nbsp;uczelni. Jego zadaniem jestem ochrona praw, wyra\u017canie opinii co&nbsp;do&nbsp;przedmiotowych spraw, podejmowanie wszelkich dzia\u0142a\u0144 maj\u0105cych na&nbsp;celu promocj\u0119 oraz&nbsp;wspieranie w&nbsp;dzia\u0142aniach doktorant\u00f3w r\u00f3wnie\u017c poprzez wsp\u00f3\u0142prac\u0119 z&nbsp;innymi jednostkami czy&nbsp;\u015brodowiskiem zewn\u0119trznym.<\/p>\n\n\n\n<p>Struktur\u0119 Samorz\u0105du Doktorant\u00f3w Uniwersytetu Kardyna\u0142a Stefana Wyszy\u0144skiego w&nbsp;Warszawie, tworz\u0105 nast\u0119puj\u0105ce organy:<\/p>\n\n\n\n<ol class=\"wp-block-list\" type=\"1\" start=\"1\">\n<li>Parlament Samorz\u0105du Doktorant\u00f3w UKSW;<\/li>\n\n\n\n<li>Przewodnicz\u0105cy Samorz\u0105du Doktorant\u00f3w UKSW;<\/li>\n\n\n\n<li>Zarz\u0105d Samorz\u0105du Doktorant\u00f3w UKSW;<\/li>\n\n\n\n<li>Komisja Rewizyjna Samorz\u0105du Doktorant\u00f3w UKSW;<\/li>\n\n\n\n<li>Komisja Wyborcza Samorz\u0105du Doktorant\u00f3w UKSW.<\/li>\n<\/ol>\n\n\n\n<p>Doktoranci s\u0105&nbsp;r\u00f3wnie\u017c licznymi reprezentantami w&nbsp;komisjach senackich, uczelnianych (m.in.&nbsp;stypendialnych czy&nbsp;dofinansowa\u0144 inicjatyw doktoranckich).<\/p>\n","protected":false},"excerpt":{"rendered":"<p>Na&nbsp;mocy ustawy z&nbsp;dnia 20 lipca 2018&nbsp;r. \u2013 Prawo o&nbsp;szkolnictwie wy\u017cszym i&nbsp;nauce, zwanej dalej \u201eUstaw\u0105\u201d, Samorz\u0105d Doktorant\u00f3w Uniwersytetu Kardyna\u0142a Stefana Wyszy\u0144skiego nazywany inaczej samorz\u0105dem, tworz\u0105 doktoranci Szko\u0142y Doktorskiej Uniwersytetu Kardyna\u0142a Stefana Wyszy\u0144skiego w&nbsp;Warszawie. Samorz\u0105d Doktorant\u00f3w UKSW, jest wy\u0142\u0105cznym reprezentant\u00f3w co&nbsp;do&nbsp;og\u00f3\u0142u doktorant\u00f3w na&nbsp;uczelni. Jego zadaniem jestem ochrona praw, wyra\u017canie opinii co&nbsp;do&nbsp;przedmiotowych spraw, podejmowanie wszelkich dzia\u0142a\u0144 maj\u0105cych na&nbsp;celu [&hellip;]<\/p>\n","protected":false},"author":83,"featured_media":0,"parent":0,"menu_order":0,"comment_status":"closed","ping_status":"closed","template":"","meta":{"_acf_changed":false,"inline_featured_image":false,"footnotes":"","_links_to":"","_links_to_target":""},"class_list":["post-981","page","type-page","status-publish","hentry"],"acf":[],"_links":{"self":[{"href":"https:\/\/doktoranci.uksw.edu.pl\/pl\/wp-json\/wp\/v2\/pages\/981","targetHints":{"allow":["GET"]}}],"collection":[{"href":"https:\/\/doktoranci.uksw.edu.pl\/pl\/wp-json\/wp\/v2\/pages"}],"about":[{"href":"https:\/\/doktoranci.uksw.edu.pl\/pl\/wp-json\/wp\/v2\/types\/page"}],"author":[{"embeddable":true,"href":"https:\/\/doktoranci.uksw.edu.pl\/pl\/wp-json\/wp\/v2\/users\/83"}],"replies":[{"embeddable":true,"href":"https:\/\/doktoranci.uksw.edu.pl\/pl\/wp-json\/wp\/v2\/comments?post=981"}],"version-history":[{"count":2,"href":"https:\/\/doktoranci.uksw.edu.pl\/pl\/wp-json\/wp\/v2\/pages\/981\/revisions"}],"predecessor-version":[{"id":985,"href":"https:\/\/doktoranci.uksw.edu.pl\/pl\/wp-json\/wp\/v2\/pages\/981\/revisions\/985"}],"wp:attachment":[{"href":"https:\/\/doktoranci.uksw.edu.pl\/pl\/wp-json\/wp\/v2\/media?parent=981"}],"curies":[{"name":"wp","href":"https:\/\/api.w.org\/{rel}","templated":true}]}}