{"id":976,"date":"2024-02-23T19:08:21","date_gmt":"2024-02-23T18:08:21","guid":{"rendered":"https:\/\/doktoranci.uksw.edu.pl\/?page_id=976"},"modified":"2024-02-23T19:08:25","modified_gmt":"2024-02-23T18:08:25","slug":"reprezentanci-doktorantow-w-komisjach-uczelnianych","status":"publish","type":"page","link":"https:\/\/doktoranci.uksw.edu.pl\/reprezentanci-doktorantow-w-komisjach-uczelnianych\/","title":{"rendered":"Reprezentanci Doktorant\u00f3w w\u00a0Komisjach Uczelnianych"},"content":{"rendered":"\n<p>Opr\u00f3cz dzia\u0142alno\u015bci w&nbsp;organach samorz\u0105du doktorant\u00f3w UKSW, doktoranci na&nbsp;mocy odpowiednich uchwa\u0142 s\u0105&nbsp;delegowani do&nbsp;komisji uczelnianych pe\u0142ni\u0105c w&nbsp;nich funkcj\u0119 cz\u0142onk\u00f3w doradc\u00f3w.<br>S\u0105&nbsp;to&nbsp;nast\u0119puj\u0105ce komisje uczelniane:<\/p>\n\n\n\n<p><strong>Komisje rektorskie:<\/strong><br>1) Komisja ds.&nbsp;warunk\u00f3w pracy;<\/p>\n\n\n\n<p><strong>Komisje senackie<\/strong><br>1) Komisja ds.&nbsp;organizacyjno-regulaminowych;<br>2) Komisja ds.&nbsp;mienia i&nbsp;finans\u00f3w;<br>3) Komisja ds.&nbsp;kadr naukowych i&nbsp;odznacze\u0144;<br>4) Komisja ds.&nbsp;bada\u0144 naukowych oraz&nbsp;wsp\u00f3\u0142pracy krajowej i&nbsp;zagranicznej;<br>5) Komisja ds.&nbsp;dydaktycznych<\/p>\n\n\n\n<p><strong>Komisje uniwersyteckie<\/strong><br>1) Rada biblioteczna;<br>2) Komisja dyscyplinarna dla doktorant\u00f3w;<br>3) Uniwersytecka Komisja Dyscyplinarna dla nauczycieli akademickich;<br>4) Komisja ds.&nbsp;jako\u015bci kszta\u0142cenia;<br>5) Odwo\u0142awcza komisja dyscyplinarna dla doktorant\u00f3w.<\/p>\n\n\n\n<p><strong>Pozosta\u0142e<\/strong> (dot. doktorant\u00f3w kszta\u0142c\u0105cych si\u0119 poza Szko\u0142\u0105 Doktorsk\u0105)<br>1) Komisja stypendialna dla Doktorant\u00f3w;<br>2) Odwo\u0142awcza Komisja stypendialna dla Doktorant\u00f3w.<\/p>\n","protected":false},"excerpt":{"rendered":"<p>Opr\u00f3cz dzia\u0142alno\u015bci w&nbsp;organach samorz\u0105du doktorant\u00f3w UKSW, doktoranci na&nbsp;mocy odpowiednich uchwa\u0142 s\u0105&nbsp;delegowani do&nbsp;komisji uczelnianych pe\u0142ni\u0105c w&nbsp;nich funkcj\u0119 cz\u0142onk\u00f3w doradc\u00f3w.S\u0105&nbsp;to&nbsp;nast\u0119puj\u0105ce komisje uczelniane: Komisje rektorskie:1) Komisja ds.&nbsp;warunk\u00f3w pracy; Komisje senackie1) Komisja ds.&nbsp;organizacyjno-regulaminowych;2) Komisja ds.&nbsp;mienia i&nbsp;finans\u00f3w;3) Komisja ds.&nbsp;kadr naukowych i&nbsp;odznacze\u0144;4) Komisja ds.&nbsp;bada\u0144 naukowych oraz&nbsp;wsp\u00f3\u0142pracy krajowej i&nbsp;zagranicznej;5) Komisja ds.&nbsp;dydaktycznych Komisje uniwersyteckie1) Rada biblioteczna;2) Komisja dyscyplinarna dla doktorant\u00f3w;3) Uniwersytecka Komisja Dyscyplinarna [&hellip;]<\/p>\n","protected":false},"author":83,"featured_media":0,"parent":0,"menu_order":0,"comment_status":"closed","ping_status":"closed","template":"","meta":{"_acf_changed":false,"inline_featured_image":false,"footnotes":"","_links_to":"","_links_to_target":""},"class_list":["post-976","page","type-page","status-publish","hentry"],"acf":[],"_links":{"self":[{"href":"https:\/\/doktoranci.uksw.edu.pl\/pl\/wp-json\/wp\/v2\/pages\/976","targetHints":{"allow":["GET"]}}],"collection":[{"href":"https:\/\/doktoranci.uksw.edu.pl\/pl\/wp-json\/wp\/v2\/pages"}],"about":[{"href":"https:\/\/doktoranci.uksw.edu.pl\/pl\/wp-json\/wp\/v2\/types\/page"}],"author":[{"embeddable":true,"href":"https:\/\/doktoranci.uksw.edu.pl\/pl\/wp-json\/wp\/v2\/users\/83"}],"replies":[{"embeddable":true,"href":"https:\/\/doktoranci.uksw.edu.pl\/pl\/wp-json\/wp\/v2\/comments?post=976"}],"version-history":[{"count":1,"href":"https:\/\/doktoranci.uksw.edu.pl\/pl\/wp-json\/wp\/v2\/pages\/976\/revisions"}],"predecessor-version":[{"id":977,"href":"https:\/\/doktoranci.uksw.edu.pl\/pl\/wp-json\/wp\/v2\/pages\/976\/revisions\/977"}],"wp:attachment":[{"href":"https:\/\/doktoranci.uksw.edu.pl\/pl\/wp-json\/wp\/v2\/media?parent=976"}],"curies":[{"name":"wp","href":"https:\/\/api.w.org\/{rel}","templated":true}]}}