{"id":972,"date":"2024-02-23T19:04:59","date_gmt":"2024-02-23T18:04:59","guid":{"rendered":"https:\/\/doktoranci.uksw.edu.pl\/?page_id=972"},"modified":"2025-11-29T08:57:49","modified_gmt":"2025-11-29T07:57:49","slug":"komisja-rewizyjna-samorzadu-doktorantow-uksw","status":"publish","type":"page","link":"https:\/\/doktoranci.uksw.edu.pl\/komisja-rewizyjna-samorzadu-doktorantow-uksw\/","title":{"rendered":"Komisja Rewizyjna Samorz\u0105du Doktorant\u00f3w UKSW"},"content":{"rendered":"\n<p>Komisja Rewizyjna Samorz\u0105du Doktorant\u00f3w Uniwersytetu Kardyna\u0142a Stefana Wyszy\u0144skiego w&nbsp;Warszawie, jest organem kontroluj\u0105cym co&nbsp;oznacza, \u017ce&nbsp;w&nbsp;jego kompetencji s\u0105&nbsp;nast\u0119puj\u0105ce zadania:<\/p>\n\n\n\n<p>1) kontrolowanie ca\u0142okszta\u0142tu dzia\u0142alno\u015bci organ\u00f3w Samorz\u0105du\u2019<br>2) wyst\u0119powanie do&nbsp;organ\u00f3w z&nbsp;wnioskami wynikaj\u0105cymi z&nbsp;przeprowadzonych kontroli\u2019<br>3) zwo\u0142ywanie posiedzenia Zarz\u0105du i&nbsp;Parlamentu w&nbsp;razie stwierdzenia ra\u017c\u0105cych zaniedba\u0144 i&nbsp;notorycznego niewywi\u0105zywania si\u0119 przez&nbsp;przewodnicz\u0105cych tych organ\u00f3w z&nbsp;obowi\u0105zk\u00f3w na&nbsp;nich ci\u0105\u017c\u0105cych\u2019<br>4) wnioskowanie do&nbsp;organ\u00f3w Samorz\u0105du o&nbsp;odwo\u0142anie cz\u0142onk\u00f3w przez&nbsp;nie&nbsp;wybranych\u2019<br>5) zabieranie stanowiska w&nbsp;sprawie udzielenia absolutorium cz\u0142onkom Prezydium Parlamentu i&nbsp;Zarz\u0105du, w&nbsp;tym r\u00f3wnie\u017c w&nbsp;stosunku do&nbsp;os\u00f3b, kt\u00f3re utraci\u0142y w&nbsp;nim funkcj\u0119 z&nbsp;przyczyn okre\u015blonych w&nbsp;\u00a7 7 ust. 3 pkt 2-6 oraz&nbsp;pe\u0142ni\u0142y w&nbsp;nich obowi\u0105zki w&nbsp;trakcie trwania danej kadencji.<\/p>\n\n\n\n<p>W\u00a0sk\u0142ad Komisji Rewizyjnej w\u00a0kadencji 2025\/2026, wchodz\u0105 nast\u0119puj\u0105ce osoby:<\/p>\n\n\n\n<p><strong>Przewodnicz\u0105cy komisji:<\/strong><br>mgr\u00a0Kacper Knochowski<br><strong>Z-ca przewodnicz\u0105cego:<\/strong><br>mgr\u00a0Karol Wilczy\u0144ski<\/p>\n\n\n\n<p><\/p>\n","protected":false},"excerpt":{"rendered":"<p>Komisja Rewizyjna Samorz\u0105du Doktorant\u00f3w Uniwersytetu Kardyna\u0142a Stefana Wyszy\u0144skiego w&nbsp;Warszawie, jest organem kontroluj\u0105cym co&nbsp;oznacza, \u017ce&nbsp;w&nbsp;jego kompetencji s\u0105&nbsp;nast\u0119puj\u0105ce zadania: 1) kontrolowanie ca\u0142okszta\u0142tu dzia\u0142alno\u015bci organ\u00f3w Samorz\u0105du\u20192) wyst\u0119powanie do&nbsp;organ\u00f3w z&nbsp;wnioskami wynikaj\u0105cymi z&nbsp;przeprowadzonych kontroli\u20193) zwo\u0142ywanie posiedzenia Zarz\u0105du i&nbsp;Parlamentu w&nbsp;razie stwierdzenia ra\u017c\u0105cych zaniedba\u0144 i&nbsp;notorycznego niewywi\u0105zywania si\u0119 przez&nbsp;przewodnicz\u0105cych tych organ\u00f3w z&nbsp;obowi\u0105zk\u00f3w na&nbsp;nich ci\u0105\u017c\u0105cych\u20194) wnioskowanie do&nbsp;organ\u00f3w Samorz\u0105du o&nbsp;odwo\u0142anie cz\u0142onk\u00f3w przez&nbsp;nie&nbsp;wybranych\u20195) zabieranie stanowiska w&nbsp;sprawie [&hellip;]<\/p>\n","protected":false},"author":83,"featured_media":0,"parent":0,"menu_order":0,"comment_status":"closed","ping_status":"closed","template":"","meta":{"_acf_changed":false,"inline_featured_image":false,"footnotes":"","_links_to":"","_links_to_target":""},"class_list":["post-972","page","type-page","status-publish","hentry"],"acf":[],"_links":{"self":[{"href":"https:\/\/doktoranci.uksw.edu.pl\/pl\/wp-json\/wp\/v2\/pages\/972","targetHints":{"allow":["GET"]}}],"collection":[{"href":"https:\/\/doktoranci.uksw.edu.pl\/pl\/wp-json\/wp\/v2\/pages"}],"about":[{"href":"https:\/\/doktoranci.uksw.edu.pl\/pl\/wp-json\/wp\/v2\/types\/page"}],"author":[{"embeddable":true,"href":"https:\/\/doktoranci.uksw.edu.pl\/pl\/wp-json\/wp\/v2\/users\/83"}],"replies":[{"embeddable":true,"href":"https:\/\/doktoranci.uksw.edu.pl\/pl\/wp-json\/wp\/v2\/comments?post=972"}],"version-history":[{"count":5,"href":"https:\/\/doktoranci.uksw.edu.pl\/pl\/wp-json\/wp\/v2\/pages\/972\/revisions"}],"predecessor-version":[{"id":1869,"href":"https:\/\/doktoranci.uksw.edu.pl\/pl\/wp-json\/wp\/v2\/pages\/972\/revisions\/1869"}],"wp:attachment":[{"href":"https:\/\/doktoranci.uksw.edu.pl\/pl\/wp-json\/wp\/v2\/media?parent=972"}],"curies":[{"name":"wp","href":"https:\/\/api.w.org\/{rel}","templated":true}]}}