{"id":526,"date":"2023-10-09T11:34:31","date_gmt":"2023-10-09T09:34:31","guid":{"rendered":"https:\/\/jednostki.uksw.edu.pl\/doktoranci\/?page_id=526"},"modified":"2025-02-11T20:17:44","modified_gmt":"2025-02-11T19:17:44","slug":"kontakt","status":"publish","type":"page","link":"https:\/\/doktoranci.uksw.edu.pl\/kontakt\/","title":{"rendered":"Kontakt z Samorz\u0105dem Doktorant\u00f3w UKSW"},"content":{"rendered":"\n<p><strong>Kontakt z&nbsp;Samorz\u0105dem Doktorant\u00f3w Uniwersytetu Kardyna\u0142a Stefana Wyszy\u0144skiego w&nbsp;Warszawie<\/strong><\/p>\n\n\n\n<p>Z&nbsp;cz\u0142onkami Samorz\u0105du Doktorant\u00f3w UKSW, mo\u017cna skontaktowa\u0107 si\u0119 na&nbsp;kilka sposob\u00f3w. Ze&nbsp;wzgl\u0119du na&nbsp;charakter pracy i&nbsp;zobowi\u0105zania naukowe preferujemy kontakt szczeg\u00f3lnie poprzez sposoby wskazane w&nbsp;pkt. 1 oraz&nbsp;2.<\/p>\n\n\n\n<ol start=\"1\" style=\"list-style-type:1\" class=\"wp-block-list\">\n<li>Zapraszamy do\u00a0kontaktu przez\u00a0adres e-mail: doktoranci@uksw.edu.pl. Je\u017celi sprawa kierowana jest do\u00a0konkretnego organu\/osoby, prosimy o\u00a0wskazanie tego faktu w\u00a0tytule wiadomo\u015bci lub wyra\u017anie zaznaczy\u0107 to\u00a0w\u00a0tre\u015bci wiadomo\u015bci. Pozwoli to\u00a0na\u00a0szybsze udzielenie informacji\/pomocy.<br><\/li>\n\n\n\n<li>Samorz\u0105d Doktorant\u00f3w UKSW prowadzi fanpage na&nbsp;Facebooku:<a href=\"https:\/\/www.facebook.com\/uksw.doktoranci\" target=\"_blank\" rel=\"noreferrer noopener\"> https:\/\/www.facebook.com\/uksw.doktoranci <\/a>Tam, opr\u00f3cz wstawiania post\u00f3w z&nbsp;aktualno\u015bciami, jest mo\u017cliwo\u015b\u0107 kontaktu z&nbsp;nami.<\/li>\n<\/ol>\n\n\n\n<p>Nasza siedziba znajduje si\u0119 w&nbsp;budynku 21 (kampus W\u00f3ycickiego) w&nbsp;pokoju 201. W&nbsp;przypadku ch\u0119ci spotkania, zapraszamy do&nbsp;um\u00f3wienia spotkania poprzez kana\u0142y wskazane w pkt. 1 oraz 2.<\/p>\n\n\n\n<p><strong>Formularz kontaktowy<\/strong><\/p>\n\n\n\n<div class=\"forminator-guttenberg\"><div class=\"forminator-ui forminator-custom-form forminator-custom-form-1162 forminator-design--default  forminator_ajax\" data-forminator-render=\"0\" data-form=\"forminator-module-1162\" data-uid=\"6a045a4408a52\"><br\/><\/div><form\n\t\t\t\tid=\"forminator-module-1162\"\n\t\t\t\tclass=\"forminator-ui forminator-custom-form forminator-custom-form-1162 forminator-design--default  forminator_ajax\"\n\t\t\t\tmethod=\"post\"\n\t\t\t\tdata-forminator-render=\"0\"\n\t\t\t\tdata-form-id=\"1162\"\n\t\t\t\t\n\t\t\t\tdata-design=\"default\"\n\t\t\t\t\n\t\t\t\t\n\t\t\t\t\n\t\t\t\tdata-grid=\"open\"\n\t\t\t\t\n\t\t\t\t\n\t\t\t\tstyle=\"display: none;\"\n\t\t\t\t\n\t\t\t\tdata-uid=\"6a045a4408a52\"\n\t\t\t><div role=\"alert\" aria-live=\"polite\" class=\"forminator-response-message forminator-error\" aria-hidden=\"true\"><\/div><div class=\"forminator-row\"><div id=\"name-1\" class=\"forminator-field-name forminator-col forminator-col-12 \"><div class=\"forminator-field\"><label for=\"forminator-field-name-1_6a045a4408a52\" id=\"forminator-field-name-1_6a045a4408a52-label\" class=\"forminator-label\">Imi\u0119 i Nazwisko <span class=\"forminator-required\">*<\/span><\/label><input type=\"text\" name=\"name-1\" value=\"\" placeholder=\"\" id=\"forminator-field-name-1_6a045a4408a52\" class=\"forminator-input forminator-name--field\" aria-required=\"true\" \/><\/div><\/div><\/div><div class=\"forminator-row\"><div id=\"email-1\" class=\"forminator-field-email forminator-col forminator-col-12 \"><div class=\"forminator-field\"><label for=\"forminator-field-email-1_6a045a4408a52\" id=\"forminator-field-email-1_6a045a4408a52-label\" class=\"forminator-label\">Adres e-mail <span class=\"forminator-required\">*<\/span><\/label><input type=\"email\" name=\"email-1\" value=\"\" placeholder=\"\" id=\"forminator-field-email-1_6a045a4408a52\" class=\"forminator-input forminator-email--field\" data-required=\"1\" aria-required=\"true\" \/><\/div><\/div><\/div><div class=\"forminator-row\"><div id=\"phone-1\" class=\"forminator-field-phone forminator-col forminator-col-12 \"><div class=\"forminator-field\"><label for=\"forminator-field-phone-1_6a045a4408a52\" id=\"forminator-field-phone-1_6a045a4408a52-label\" class=\"forminator-label\">Numer telefonu<\/label><input type=\"text\" name=\"phone-1\" value=\"\" placeholder=\"Przyk\u0142ad. +48 100 200 300\" id=\"forminator-field-phone-1_6a045a4408a52\" class=\"forminator-input forminator-field--phone\" data-required=\"\" aria-required=\"false\" autocomplete=\"off\" \/><\/div><\/div><\/div><div class=\"forminator-row\"><div id=\"select-1\" class=\"forminator-field-select forminator-col forminator-col-12 \"><div class=\"forminator-field\"><label for=\"forminator-form-1162__field--select-1_6a045a4408a52\" id=\"forminator-form-1162__field--select-1_6a045a4408a52-label\" class=\"forminator-label\">Do kogo chcesz napisa\u0107? <span class=\"forminator-required\">*<\/span><\/label><select  id=\"forminator-form-1162__field--select-1_6a045a4408a52\" class=\"forminator-select--field forminator-select2 forminator-select2-multiple\" data-required=\"1\" name=\"select-1\" data-default-value=\"\" data-hidden-behavior=\"zero\" data-placeholder=\"Adresat\" data-search=\"false\" data-search-placeholder=\"Adresat\" data-checkbox=\"false\" data-allow-clear=\"false\" aria-labelledby=\"forminator-form-1162__field--select-1_6a045a4408a52-label\" aria-describedby=\"forminator-form-1162__field--select-1_6a045a4408a52-description\"><option value=\"\"  >Adresat<\/option><option value=\"one\"  data-calculation=\"0\">Zarz\u0105d Samorz\u0105du Doktorant\u00f3w<\/option><option value=\"two\"  data-calculation=\"0\">Parlament Samorz\u0105du Doktorant\u00f3w<\/option><option value=\"Komisja-Rewizyjna\"  data-calculation=\"0\">Komisja Rewizyjna<\/option><option value=\"Rzecznik-Praw-Doktoranta\"  data-calculation=\"0\">Rzecznik Praw Doktoranta<\/option><\/select><span id=\"forminator-form-1162__field--select-1_6a045a4408a52-description\" class=\"forminator-description\">Zarz\u0105d Samorz\u0105du Doktorant\u00f3w<\/span><\/div><\/div><\/div><div class=\"forminator-row\"><div id=\"textarea-1\" class=\"forminator-field-textarea forminator-col forminator-col-12 \"><div class=\"forminator-field\"><label for=\"forminator-field-textarea-1_6a045a4408a52\" id=\"forminator-field-textarea-1_6a045a4408a52-label\" class=\"forminator-label\">Wiadomo\u015b\u0107<\/label><textarea name=\"textarea-1\" placeholder=\"Wpisz swoj\u0105 wiadomo\u015b\u0107...\" id=\"forminator-field-textarea-1_6a045a4408a52\" class=\"forminator-textarea\" rows=\"6\" style=\"min-height:140px;\" maxlength=\"180\" ><\/textarea><span id=\"forminator-field-textarea-1_6a045a4408a52-description\" class=\"forminator-description\"><span data-limit=\"180\" data-type=\"characters\" data-editor=\"\">0 \/ 180<\/span><\/span><\/div><\/div><\/div><input type=\"hidden\" name=\"referer_url\" value=\"\" \/><div class=\"forminator-row forminator-row-last\"><div class=\"forminator-col\"><div class=\"forminator-field\"><button class=\"forminator-button forminator-button-submit\">Wy\u015blij wiadomo\u015b\u0107<\/button><\/div><\/div><\/div><input type=\"hidden\" id=\"forminator_nonce\" name=\"forminator_nonce\" value=\"1bf4f86f0c\" \/><input type=\"hidden\" name=\"_wp_http_referer\" value=\"\/pl\/wp-json\/wp\/v2\/pages\/526\" \/><input type=\"hidden\" name=\"form_id\" value=\"1162\"><input type=\"hidden\" name=\"page_id\" value=\"526\"><input type=\"hidden\" name=\"form_type\" value=\"default\"><input type=\"hidden\" name=\"current_url\" value=\"https:\/\/doktoranci.uksw.edu.pl\/kontakt\/\"><input type=\"hidden\" name=\"render_id\" value=\"0\"><input type=\"hidden\" name=\"action\" value=\"forminator_submit_form_custom-forms\"><label for=\"input_6\" class=\"forminator-hidden\" aria-hidden=\"true\">Prosz\u0119 nie wype\u0142nia\u0107 tego pola. <input id=\"input_6\" type=\"text\" name=\"input_6\" value=\"\" autocomplete=\"off\"><\/label><\/form><\/div>\n","protected":false},"excerpt":{"rendered":"<p>Kontakt z&nbsp;Samorz\u0105dem Doktorant\u00f3w Uniwersytetu Kardyna\u0142a Stefana Wyszy\u0144skiego w&nbsp;Warszawie Z&nbsp;cz\u0142onkami Samorz\u0105du Doktorant\u00f3w UKSW, mo\u017cna skontaktowa\u0107 si\u0119 na&nbsp;kilka sposob\u00f3w. Ze&nbsp;wzgl\u0119du na&nbsp;charakter pracy i&nbsp;zobowi\u0105zania naukowe preferujemy kontakt szczeg\u00f3lnie poprzez sposoby wskazane w&nbsp;pkt. 1 oraz&nbsp;2. Nasza siedziba znajduje si\u0119 w&nbsp;budynku 21 (kampus W\u00f3ycickiego) w&nbsp;pokoju 201. W&nbsp;przypadku ch\u0119ci spotkania, zapraszamy do&nbsp;um\u00f3wienia spotkania poprzez kana\u0142y wskazane w pkt. 1 oraz 2. [&hellip;]<\/p>\n","protected":false},"author":83,"featured_media":0,"parent":0,"menu_order":0,"comment_status":"closed","ping_status":"closed","template":"page-templates\/template-sub-page.php","meta":{"_acf_changed":false,"inline_featured_image":false,"footnotes":"","_links_to":"","_links_to_target":""},"class_list":["post-526","page","type-page","status-publish","hentry"],"acf":[],"_links":{"self":[{"href":"https:\/\/doktoranci.uksw.edu.pl\/pl\/wp-json\/wp\/v2\/pages\/526","targetHints":{"allow":["GET"]}}],"collection":[{"href":"https:\/\/doktoranci.uksw.edu.pl\/pl\/wp-json\/wp\/v2\/pages"}],"about":[{"href":"https:\/\/doktoranci.uksw.edu.pl\/pl\/wp-json\/wp\/v2\/types\/page"}],"author":[{"embeddable":true,"href":"https:\/\/doktoranci.uksw.edu.pl\/pl\/wp-json\/wp\/v2\/users\/83"}],"replies":[{"embeddable":true,"href":"https:\/\/doktoranci.uksw.edu.pl\/pl\/wp-json\/wp\/v2\/comments?post=526"}],"version-history":[{"count":11,"href":"https:\/\/doktoranci.uksw.edu.pl\/pl\/wp-json\/wp\/v2\/pages\/526\/revisions"}],"predecessor-version":[{"id":1618,"href":"https:\/\/doktoranci.uksw.edu.pl\/pl\/wp-json\/wp\/v2\/pages\/526\/revisions\/1618"}],"wp:attachment":[{"href":"https:\/\/doktoranci.uksw.edu.pl\/pl\/wp-json\/wp\/v2\/media?parent=526"}],"curies":[{"name":"wp","href":"https:\/\/api.w.org\/{rel}","templated":true}]}}