{"id":1354,"date":"2024-06-19T12:20:35","date_gmt":"2024-06-19T10:20:35","guid":{"rendered":"https:\/\/doktoranci.uksw.edu.pl\/?page_id=1354"},"modified":"2024-06-19T12:20:37","modified_gmt":"2024-06-19T10:20:37","slug":"spotkanie-oplatkowe-samorzadu-doktorantow-uksw","status":"publish","type":"page","link":"https:\/\/doktoranci.uksw.edu.pl\/spotkanie-oplatkowe-samorzadu-doktorantow-uksw\/","title":{"rendered":"Spotkanie op\u0142atkowe Samorz\u0105du Doktorant\u00f3w UKSW"},"content":{"rendered":"\n<figure class=\"wp-block-image size-full\"><img loading=\"lazy\" decoding=\"async\" width=\"1024\" height=\"683\" src=\"https:\/\/doktoranci.uksw.edu.pl\/wp-content\/uploads\/sites\/54\/2024\/06\/Oplatek-zdjecie-1024x683-1.jpg\" alt=\"\" class=\"wp-image-1356\" srcset=\"https:\/\/doktoranci.uksw.edu.pl\/wp-content\/uploads\/sites\/54\/2024\/06\/Oplatek-zdjecie-1024x683-1.jpg 1024w, https:\/\/doktoranci.uksw.edu.pl\/wp-content\/uploads\/sites\/54\/2024\/06\/Oplatek-zdjecie-1024x683-1-300x200.jpg 300w, https:\/\/doktoranci.uksw.edu.pl\/wp-content\/uploads\/sites\/54\/2024\/06\/Oplatek-zdjecie-1024x683-1-768x512.jpg 768w, https:\/\/doktoranci.uksw.edu.pl\/wp-content\/uploads\/sites\/54\/2024\/06\/Oplatek-zdjecie-1024x683-1-251x168.jpg 251w, https:\/\/doktoranci.uksw.edu.pl\/wp-content\/uploads\/sites\/54\/2024\/06\/Oplatek-zdjecie-1024x683-1-343x229.jpg 343w, https:\/\/doktoranci.uksw.edu.pl\/wp-content\/uploads\/sites\/54\/2024\/06\/Oplatek-zdjecie-1024x683-1-526x351.jpg 526w, https:\/\/doktoranci.uksw.edu.pl\/wp-content\/uploads\/sites\/54\/2024\/06\/Oplatek-zdjecie-1024x683-1-423x283.jpg 423w, https:\/\/doktoranci.uksw.edu.pl\/wp-content\/uploads\/sites\/54\/2024\/06\/Oplatek-zdjecie-1024x683-1-848x567.jpg 848w\" sizes=\"auto, (max-width: 1024px) 100vw, 1024px\" \/><\/figure>\n\n\n\n<p>Autor zdj\u0119cia: Franciszek J\u00f3\u017awicki <\/p>\n","protected":false},"excerpt":{"rendered":"<p>Autor zdj\u0119cia: Franciszek J\u00f3\u017awicki<\/p>\n","protected":false},"author":83,"featured_media":0,"parent":0,"menu_order":0,"comment_status":"closed","ping_status":"closed","template":"","meta":{"_acf_changed":false,"inline_featured_image":false,"footnotes":"","_links_to":"","_links_to_target":""},"class_list":["post-1354","page","type-page","status-publish","hentry"],"acf":[],"_links":{"self":[{"href":"https:\/\/doktoranci.uksw.edu.pl\/pl\/wp-json\/wp\/v2\/pages\/1354","targetHints":{"allow":["GET"]}}],"collection":[{"href":"https:\/\/doktoranci.uksw.edu.pl\/pl\/wp-json\/wp\/v2\/pages"}],"about":[{"href":"https:\/\/doktoranci.uksw.edu.pl\/pl\/wp-json\/wp\/v2\/types\/page"}],"author":[{"embeddable":true,"href":"https:\/\/doktoranci.uksw.edu.pl\/pl\/wp-json\/wp\/v2\/users\/83"}],"replies":[{"embeddable":true,"href":"https:\/\/doktoranci.uksw.edu.pl\/pl\/wp-json\/wp\/v2\/comments?post=1354"}],"version-history":[{"count":1,"href":"https:\/\/doktoranci.uksw.edu.pl\/pl\/wp-json\/wp\/v2\/pages\/1354\/revisions"}],"predecessor-version":[{"id":1357,"href":"https:\/\/doktoranci.uksw.edu.pl\/pl\/wp-json\/wp\/v2\/pages\/1354\/revisions\/1357"}],"wp:attachment":[{"href":"https:\/\/doktoranci.uksw.edu.pl\/pl\/wp-json\/wp\/v2\/media?parent=1354"}],"curies":[{"name":"wp","href":"https:\/\/api.w.org\/{rel}","templated":true}]}}