{"id":1350,"date":"2024-06-19T12:14:30","date_gmt":"2024-06-19T10:14:30","guid":{"rendered":"https:\/\/doktoranci.uksw.edu.pl\/?page_id=1350"},"modified":"2024-06-19T12:14:33","modified_gmt":"2024-06-19T10:14:33","slug":"spotkanie-swiateczne-na-uksw","status":"publish","type":"page","link":"https:\/\/doktoranci.uksw.edu.pl\/spotkanie-swiateczne-na-uksw\/","title":{"rendered":"Spotkanie \u015bwi\u0105teczne na UKSW"},"content":{"rendered":"\n<figure class=\"wp-block-image size-full is-resized\"><img loading=\"lazy\" decoding=\"async\" width=\"768\" height=\"1024\" src=\"https:\/\/doktoranci.uksw.edu.pl\/wp-content\/uploads\/sites\/54\/2024\/06\/Oplatek-uniwersytecki-zdjecie-1.jpg\" alt=\"\" class=\"wp-image-1351\" style=\"aspect-ratio:0.75;width:842px;height:auto\" srcset=\"https:\/\/doktoranci.uksw.edu.pl\/wp-content\/uploads\/sites\/54\/2024\/06\/Oplatek-uniwersytecki-zdjecie-1.jpg 768w, https:\/\/doktoranci.uksw.edu.pl\/wp-content\/uploads\/sites\/54\/2024\/06\/Oplatek-uniwersytecki-zdjecie-1-225x300.jpg 225w, https:\/\/doktoranci.uksw.edu.pl\/wp-content\/uploads\/sites\/54\/2024\/06\/Oplatek-uniwersytecki-zdjecie-1-288x383.jpg 288w\" sizes=\"auto, (max-width: 768px) 100vw, 768px\" \/><\/figure>\n\n\n\n<p><\/p>\n\n\n\n<figure class=\"wp-block-image size-full\"><img loading=\"lazy\" decoding=\"async\" width=\"1024\" height=\"682\" src=\"https:\/\/doktoranci.uksw.edu.pl\/wp-content\/uploads\/sites\/54\/2024\/06\/PZU3155-1024x682-2.jpg\" alt=\"\" class=\"wp-image-1352\" srcset=\"https:\/\/doktoranci.uksw.edu.pl\/wp-content\/uploads\/sites\/54\/2024\/06\/PZU3155-1024x682-2.jpg 1024w, https:\/\/doktoranci.uksw.edu.pl\/wp-content\/uploads\/sites\/54\/2024\/06\/PZU3155-1024x682-2-300x200.jpg 300w, https:\/\/doktoranci.uksw.edu.pl\/wp-content\/uploads\/sites\/54\/2024\/06\/PZU3155-1024x682-2-768x512.jpg 768w, https:\/\/doktoranci.uksw.edu.pl\/wp-content\/uploads\/sites\/54\/2024\/06\/PZU3155-1024x682-2-251x168.jpg 251w, https:\/\/doktoranci.uksw.edu.pl\/wp-content\/uploads\/sites\/54\/2024\/06\/PZU3155-1024x682-2-343x229.jpg 343w, https:\/\/doktoranci.uksw.edu.pl\/wp-content\/uploads\/sites\/54\/2024\/06\/PZU3155-1024x682-2-526x351.jpg 526w, https:\/\/doktoranci.uksw.edu.pl\/wp-content\/uploads\/sites\/54\/2024\/06\/PZU3155-1024x682-2-423x283.jpg 423w\" sizes=\"auto, (max-width: 1024px) 100vw, 1024px\" \/><\/figure>\n\n\n\n<p>Autorstwo zdj\u0119cia: Uniwersytet Kardyna\u0142a Stefana Wyszy\u0144skiego w Warszawie<br>https:\/\/uksw.edu.pl\/wp-content\/uploads\/2023\/12\/PZU3155-1024\u00d7682.jpg<\/p>\n","protected":false},"excerpt":{"rendered":"<p>Autorstwo zdj\u0119cia: Uniwersytet Kardyna\u0142a Stefana Wyszy\u0144skiego w Warszawiehttps:\/\/uksw.edu.pl\/wp-content\/uploads\/2023\/12\/PZU3155-1024\u00d7682.jpg<\/p>\n","protected":false},"author":83,"featured_media":0,"parent":0,"menu_order":0,"comment_status":"closed","ping_status":"closed","template":"","meta":{"_acf_changed":false,"inline_featured_image":false,"footnotes":"","_links_to":"","_links_to_target":""},"class_list":["post-1350","page","type-page","status-publish","hentry"],"acf":[],"_links":{"self":[{"href":"https:\/\/doktoranci.uksw.edu.pl\/pl\/wp-json\/wp\/v2\/pages\/1350","targetHints":{"allow":["GET"]}}],"collection":[{"href":"https:\/\/doktoranci.uksw.edu.pl\/pl\/wp-json\/wp\/v2\/pages"}],"about":[{"href":"https:\/\/doktoranci.uksw.edu.pl\/pl\/wp-json\/wp\/v2\/types\/page"}],"author":[{"embeddable":true,"href":"https:\/\/doktoranci.uksw.edu.pl\/pl\/wp-json\/wp\/v2\/users\/83"}],"replies":[{"embeddable":true,"href":"https:\/\/doktoranci.uksw.edu.pl\/pl\/wp-json\/wp\/v2\/comments?post=1350"}],"version-history":[{"count":1,"href":"https:\/\/doktoranci.uksw.edu.pl\/pl\/wp-json\/wp\/v2\/pages\/1350\/revisions"}],"predecessor-version":[{"id":1353,"href":"https:\/\/doktoranci.uksw.edu.pl\/pl\/wp-json\/wp\/v2\/pages\/1350\/revisions\/1353"}],"wp:attachment":[{"href":"https:\/\/doktoranci.uksw.edu.pl\/pl\/wp-json\/wp\/v2\/media?parent=1350"}],"curies":[{"name":"wp","href":"https:\/\/api.w.org\/{rel}","templated":true}]}}