{"id":1336,"date":"2024-06-19T11:48:24","date_gmt":"2024-06-19T09:48:24","guid":{"rendered":"https:\/\/doktoranci.uksw.edu.pl\/?page_id=1336"},"modified":"2024-06-19T12:01:44","modified_gmt":"2024-06-19T10:01:44","slug":"inauguracja-klubu-ukswordzkiego","status":"publish","type":"page","link":"https:\/\/doktoranci.uksw.edu.pl\/inauguracja-klubu-ukswordzkiego\/","title":{"rendered":"Inauguracja klubu UKSWordzkiego"},"content":{"rendered":"\n<p>Fotorelacja z dnia inauguracyjnego klubu UKSWordzkiego kt\u00f3re odby\u0142o si\u0119 1 kwietnia 2023 r., w nowej siedzibie Samorz\u0105du Student\u00f3w oraz Doktorant\u00f3w.<\/p>\n\n\n\n<figure class=\"wp-block-image size-full\"><img loading=\"lazy\" decoding=\"async\" width=\"828\" height=\"622\" src=\"https:\/\/doktoranci.uksw.edu.pl\/wp-content\/uploads\/sites\/54\/2024\/06\/339409995_965922524584418_3710278810370628960_n.jpg\" alt=\"\" class=\"wp-image-1337\" srcset=\"https:\/\/doktoranci.uksw.edu.pl\/wp-content\/uploads\/sites\/54\/2024\/06\/339409995_965922524584418_3710278810370628960_n.jpg 828w, https:\/\/doktoranci.uksw.edu.pl\/wp-content\/uploads\/sites\/54\/2024\/06\/339409995_965922524584418_3710278810370628960_n-300x225.jpg 300w, https:\/\/doktoranci.uksw.edu.pl\/wp-content\/uploads\/sites\/54\/2024\/06\/339409995_965922524584418_3710278810370628960_n-768x577.jpg 768w\" sizes=\"auto, (max-width: 828px) 100vw, 828px\" \/><\/figure>\n\n\n\n<p>(Autor zdj\u0119\u0107: mgr \u0141ukasz Subramanian).<\/p>\n\n\n\n<figure class=\"wp-block-image size-full\"><img loading=\"lazy\" decoding=\"async\" width=\"1024\" height=\"689\" src=\"https:\/\/doktoranci.uksw.edu.pl\/wp-content\/uploads\/sites\/54\/2024\/06\/338736964_701598938429480_2531972193852829485_n-1024x689-1.jpg\" alt=\"\" class=\"wp-image-1338\" srcset=\"https:\/\/doktoranci.uksw.edu.pl\/wp-content\/uploads\/sites\/54\/2024\/06\/338736964_701598938429480_2531972193852829485_n-1024x689-1.jpg 1024w, https:\/\/doktoranci.uksw.edu.pl\/wp-content\/uploads\/sites\/54\/2024\/06\/338736964_701598938429480_2531972193852829485_n-1024x689-1-300x202.jpg 300w, https:\/\/doktoranci.uksw.edu.pl\/wp-content\/uploads\/sites\/54\/2024\/06\/338736964_701598938429480_2531972193852829485_n-1024x689-1-768x517.jpg 768w, https:\/\/doktoranci.uksw.edu.pl\/wp-content\/uploads\/sites\/54\/2024\/06\/338736964_701598938429480_2531972193852829485_n-1024x689-1-251x168.jpg 251w\" sizes=\"auto, (max-width: 1024px) 100vw, 1024px\" \/><\/figure>\n\n\n\n<p>(Autor zdj\u0119\u0107: mgr \u0141ukasz Subramanian).<\/p>\n","protected":false},"excerpt":{"rendered":"<p>Fotorelacja z dnia inauguracyjnego klubu UKSWordzkiego kt\u00f3re odby\u0142o si\u0119 1 kwietnia 2023 r., w nowej siedzibie Samorz\u0105du Student\u00f3w oraz Doktorant\u00f3w. (Autor zdj\u0119\u0107: mgr \u0141ukasz Subramanian). (Autor zdj\u0119\u0107: mgr \u0141ukasz Subramanian).<\/p>\n","protected":false},"author":83,"featured_media":0,"parent":0,"menu_order":0,"comment_status":"closed","ping_status":"closed","template":"","meta":{"_acf_changed":false,"inline_featured_image":false,"footnotes":"","_links_to":"","_links_to_target":""},"class_list":["post-1336","page","type-page","status-publish","hentry"],"acf":[],"_links":{"self":[{"href":"https:\/\/doktoranci.uksw.edu.pl\/pl\/wp-json\/wp\/v2\/pages\/1336","targetHints":{"allow":["GET"]}}],"collection":[{"href":"https:\/\/doktoranci.uksw.edu.pl\/pl\/wp-json\/wp\/v2\/pages"}],"about":[{"href":"https:\/\/doktoranci.uksw.edu.pl\/pl\/wp-json\/wp\/v2\/types\/page"}],"author":[{"embeddable":true,"href":"https:\/\/doktoranci.uksw.edu.pl\/pl\/wp-json\/wp\/v2\/users\/83"}],"replies":[{"embeddable":true,"href":"https:\/\/doktoranci.uksw.edu.pl\/pl\/wp-json\/wp\/v2\/comments?post=1336"}],"version-history":[{"count":1,"href":"https:\/\/doktoranci.uksw.edu.pl\/pl\/wp-json\/wp\/v2\/pages\/1336\/revisions"}],"predecessor-version":[{"id":1339,"href":"https:\/\/doktoranci.uksw.edu.pl\/pl\/wp-json\/wp\/v2\/pages\/1336\/revisions\/1339"}],"wp:attachment":[{"href":"https:\/\/doktoranci.uksw.edu.pl\/pl\/wp-json\/wp\/v2\/media?parent=1336"}],"curies":[{"name":"wp","href":"https:\/\/api.w.org\/{rel}","templated":true}]}}