{"id":1329,"date":"2024-06-19T11:33:06","date_gmt":"2024-06-19T09:33:06","guid":{"rendered":"https:\/\/doktoranci.uksw.edu.pl\/?page_id=1329"},"modified":"2024-06-19T11:34:06","modified_gmt":"2024-06-19T09:34:06","slug":"wyjazd-szkoleniowy-otrebusy","status":"publish","type":"page","link":"https:\/\/doktoranci.uksw.edu.pl\/wyjazd-szkoleniowy-otrebusy\/","title":{"rendered":"Wyjazd szkoleniowy &#8211; Otr\u0119busy"},"content":{"rendered":"\n<h2 class=\"wp-block-heading\">Fotorelacja z pobytu szkoleniowego w Otr\u0119busach, kt\u00f3re odby\u0142o si\u0119 od 17 do 19 marca 2023 r.<\/h2>\n\n\n\n<figure class=\"wp-block-gallery has-nested-images columns-default is-cropped wp-block-gallery-1 is-layout-flex wp-block-gallery-is-layout-flex\">\n<figure class=\"wp-block-image size-large\"><img loading=\"lazy\" decoding=\"async\" width=\"1024\" height=\"683\" data-id=\"1330\" src=\"https:\/\/doktoranci.uksw.edu.pl\/wp-content\/uploads\/sites\/54\/2024\/06\/340093669_757693669050694_1541488741275739366_n-1024x683-1.jpg\" alt=\"\" class=\"wp-image-1330\" srcset=\"https:\/\/doktoranci.uksw.edu.pl\/wp-content\/uploads\/sites\/54\/2024\/06\/340093669_757693669050694_1541488741275739366_n-1024x683-1.jpg 1024w, https:\/\/doktoranci.uksw.edu.pl\/wp-content\/uploads\/sites\/54\/2024\/06\/340093669_757693669050694_1541488741275739366_n-1024x683-1-300x200.jpg 300w, https:\/\/doktoranci.uksw.edu.pl\/wp-content\/uploads\/sites\/54\/2024\/06\/340093669_757693669050694_1541488741275739366_n-1024x683-1-768x512.jpg 768w, https:\/\/doktoranci.uksw.edu.pl\/wp-content\/uploads\/sites\/54\/2024\/06\/340093669_757693669050694_1541488741275739366_n-1024x683-1-251x168.jpg 251w, https:\/\/doktoranci.uksw.edu.pl\/wp-content\/uploads\/sites\/54\/2024\/06\/340093669_757693669050694_1541488741275739366_n-1024x683-1-343x229.jpg 343w, https:\/\/doktoranci.uksw.edu.pl\/wp-content\/uploads\/sites\/54\/2024\/06\/340093669_757693669050694_1541488741275739366_n-1024x683-1-526x351.jpg 526w, https:\/\/doktoranci.uksw.edu.pl\/wp-content\/uploads\/sites\/54\/2024\/06\/340093669_757693669050694_1541488741275739366_n-1024x683-1-423x283.jpg 423w, https:\/\/doktoranci.uksw.edu.pl\/wp-content\/uploads\/sites\/54\/2024\/06\/340093669_757693669050694_1541488741275739366_n-1024x683-1-848x567.jpg 848w\" sizes=\"auto, (max-width: 1024px) 100vw, 1024px\" \/><\/figure>\n<\/figure>\n\n\n\n<p>(autor zdj\u0119cia: mgr Mateusz Kowalski)<\/p>\n\n\n\n<figure class=\"wp-block-gallery has-nested-images columns-default is-cropped wp-block-gallery-2 is-layout-flex wp-block-gallery-is-layout-flex\">\n<figure class=\"wp-block-image size-large\"><img loading=\"lazy\" decoding=\"async\" width=\"1024\" height=\"683\" data-id=\"1331\" src=\"https:\/\/doktoranci.uksw.edu.pl\/wp-content\/uploads\/sites\/54\/2024\/06\/339170762_795547595263195_7647143598867155871_n-1024x683-1.jpg\" alt=\"\" class=\"wp-image-1331\" srcset=\"https:\/\/doktoranci.uksw.edu.pl\/wp-content\/uploads\/sites\/54\/2024\/06\/339170762_795547595263195_7647143598867155871_n-1024x683-1.jpg 1024w, https:\/\/doktoranci.uksw.edu.pl\/wp-content\/uploads\/sites\/54\/2024\/06\/339170762_795547595263195_7647143598867155871_n-1024x683-1-300x200.jpg 300w, https:\/\/doktoranci.uksw.edu.pl\/wp-content\/uploads\/sites\/54\/2024\/06\/339170762_795547595263195_7647143598867155871_n-1024x683-1-768x512.jpg 768w, https:\/\/doktoranci.uksw.edu.pl\/wp-content\/uploads\/sites\/54\/2024\/06\/339170762_795547595263195_7647143598867155871_n-1024x683-1-251x168.jpg 251w, https:\/\/doktoranci.uksw.edu.pl\/wp-content\/uploads\/sites\/54\/2024\/06\/339170762_795547595263195_7647143598867155871_n-1024x683-1-343x229.jpg 343w, https:\/\/doktoranci.uksw.edu.pl\/wp-content\/uploads\/sites\/54\/2024\/06\/339170762_795547595263195_7647143598867155871_n-1024x683-1-526x351.jpg 526w, https:\/\/doktoranci.uksw.edu.pl\/wp-content\/uploads\/sites\/54\/2024\/06\/339170762_795547595263195_7647143598867155871_n-1024x683-1-423x283.jpg 423w, https:\/\/doktoranci.uksw.edu.pl\/wp-content\/uploads\/sites\/54\/2024\/06\/339170762_795547595263195_7647143598867155871_n-1024x683-1-848x567.jpg 848w\" sizes=\"auto, (max-width: 1024px) 100vw, 1024px\" \/><\/figure>\n<\/figure>\n\n\n\n<p>(autor zdj\u0119cia: mgr Mateusz Kowalski)<\/p>\n\n\n\n<figure class=\"wp-block-gallery has-nested-images columns-default is-cropped wp-block-gallery-3 is-layout-flex wp-block-gallery-is-layout-flex\">\n<figure class=\"wp-block-image size-large\"><img loading=\"lazy\" decoding=\"async\" width=\"1024\" height=\"683\" data-id=\"1332\" src=\"https:\/\/doktoranci.uksw.edu.pl\/wp-content\/uploads\/sites\/54\/2024\/06\/339070992_766640144845748_8172329926236480519_n-1024x683-1.jpg\" alt=\"\" class=\"wp-image-1332\" srcset=\"https:\/\/doktoranci.uksw.edu.pl\/wp-content\/uploads\/sites\/54\/2024\/06\/339070992_766640144845748_8172329926236480519_n-1024x683-1.jpg 1024w, https:\/\/doktoranci.uksw.edu.pl\/wp-content\/uploads\/sites\/54\/2024\/06\/339070992_766640144845748_8172329926236480519_n-1024x683-1-300x200.jpg 300w, https:\/\/doktoranci.uksw.edu.pl\/wp-content\/uploads\/sites\/54\/2024\/06\/339070992_766640144845748_8172329926236480519_n-1024x683-1-768x512.jpg 768w, https:\/\/doktoranci.uksw.edu.pl\/wp-content\/uploads\/sites\/54\/2024\/06\/339070992_766640144845748_8172329926236480519_n-1024x683-1-251x168.jpg 251w, https:\/\/doktoranci.uksw.edu.pl\/wp-content\/uploads\/sites\/54\/2024\/06\/339070992_766640144845748_8172329926236480519_n-1024x683-1-343x229.jpg 343w, https:\/\/doktoranci.uksw.edu.pl\/wp-content\/uploads\/sites\/54\/2024\/06\/339070992_766640144845748_8172329926236480519_n-1024x683-1-526x351.jpg 526w, https:\/\/doktoranci.uksw.edu.pl\/wp-content\/uploads\/sites\/54\/2024\/06\/339070992_766640144845748_8172329926236480519_n-1024x683-1-423x283.jpg 423w, https:\/\/doktoranci.uksw.edu.pl\/wp-content\/uploads\/sites\/54\/2024\/06\/339070992_766640144845748_8172329926236480519_n-1024x683-1-848x567.jpg 848w\" sizes=\"auto, (max-width: 1024px) 100vw, 1024px\" \/><\/figure>\n<\/figure>\n\n\n\n<p>(autor zdj\u0119cia: mgr Mateusz Kowalski)<\/p>\n","protected":false},"excerpt":{"rendered":"<p>Fotorelacja z pobytu szkoleniowego w Otr\u0119busach, kt\u00f3re odby\u0142o si\u0119 od 17 do 19 marca 2023 r. (autor zdj\u0119cia: mgr Mateusz Kowalski) (autor zdj\u0119cia: mgr Mateusz Kowalski) (autor zdj\u0119cia: mgr Mateusz Kowalski)<\/p>\n","protected":false},"author":83,"featured_media":0,"parent":0,"menu_order":0,"comment_status":"closed","ping_status":"closed","template":"","meta":{"_acf_changed":false,"inline_featured_image":false,"footnotes":"","_links_to":"","_links_to_target":""},"class_list":["post-1329","page","type-page","status-publish","hentry"],"acf":[],"_links":{"self":[{"href":"https:\/\/doktoranci.uksw.edu.pl\/pl\/wp-json\/wp\/v2\/pages\/1329","targetHints":{"allow":["GET"]}}],"collection":[{"href":"https:\/\/doktoranci.uksw.edu.pl\/pl\/wp-json\/wp\/v2\/pages"}],"about":[{"href":"https:\/\/doktoranci.uksw.edu.pl\/pl\/wp-json\/wp\/v2\/types\/page"}],"author":[{"embeddable":true,"href":"https:\/\/doktoranci.uksw.edu.pl\/pl\/wp-json\/wp\/v2\/users\/83"}],"replies":[{"embeddable":true,"href":"https:\/\/doktoranci.uksw.edu.pl\/pl\/wp-json\/wp\/v2\/comments?post=1329"}],"version-history":[{"count":2,"href":"https:\/\/doktoranci.uksw.edu.pl\/pl\/wp-json\/wp\/v2\/pages\/1329\/revisions"}],"predecessor-version":[{"id":1335,"href":"https:\/\/doktoranci.uksw.edu.pl\/pl\/wp-json\/wp\/v2\/pages\/1329\/revisions\/1335"}],"wp:attachment":[{"href":"https:\/\/doktoranci.uksw.edu.pl\/pl\/wp-json\/wp\/v2\/media?parent=1329"}],"curies":[{"name":"wp","href":"https:\/\/api.w.org\/{rel}","templated":true}]}}