{"id":1073,"date":"2024-02-23T22:50:42","date_gmt":"2024-02-23T21:50:42","guid":{"rendered":"https:\/\/doktoranci.uksw.edu.pl\/?page_id=1073"},"modified":"2024-06-19T12:05:53","modified_gmt":"2024-06-19T10:05:53","slug":"kadencja-2022-2023","status":"publish","type":"page","link":"https:\/\/doktoranci.uksw.edu.pl\/kadencja-2022-2023\/","title":{"rendered":"Kadencja 2022\/2023"},"content":{"rendered":"\n<p>Fotorelacja z poszczeg\u00f3lnych wydarze\u0144, dost\u0119pna jest po najechaniu w rozwijanym menu na konkretne wydarzenie.<\/p>\n\n\n\n<h2 class=\"wp-block-heading\"><br><\/h2>\n","protected":false},"excerpt":{"rendered":"<p>Fotorelacja z poszczeg\u00f3lnych wydarze\u0144, dost\u0119pna jest po najechaniu w rozwijanym menu na konkretne wydarzenie.<\/p>\n","protected":false},"author":83,"featured_media":0,"parent":0,"menu_order":0,"comment_status":"closed","ping_status":"closed","template":"","meta":{"_acf_changed":false,"inline_featured_image":false,"footnotes":"","_links_to":"","_links_to_target":""},"class_list":["post-1073","page","type-page","status-publish","hentry"],"acf":[],"_links":{"self":[{"href":"https:\/\/doktoranci.uksw.edu.pl\/pl\/wp-json\/wp\/v2\/pages\/1073","targetHints":{"allow":["GET"]}}],"collection":[{"href":"https:\/\/doktoranci.uksw.edu.pl\/pl\/wp-json\/wp\/v2\/pages"}],"about":[{"href":"https:\/\/doktoranci.uksw.edu.pl\/pl\/wp-json\/wp\/v2\/types\/page"}],"author":[{"embeddable":true,"href":"https:\/\/doktoranci.uksw.edu.pl\/pl\/wp-json\/wp\/v2\/users\/83"}],"replies":[{"embeddable":true,"href":"https:\/\/doktoranci.uksw.edu.pl\/pl\/wp-json\/wp\/v2\/comments?post=1073"}],"version-history":[{"count":3,"href":"https:\/\/doktoranci.uksw.edu.pl\/pl\/wp-json\/wp\/v2\/pages\/1073\/revisions"}],"predecessor-version":[{"id":1345,"href":"https:\/\/doktoranci.uksw.edu.pl\/pl\/wp-json\/wp\/v2\/pages\/1073\/revisions\/1345"}],"wp:attachment":[{"href":"https:\/\/doktoranci.uksw.edu.pl\/pl\/wp-json\/wp\/v2\/media?parent=1073"}],"curies":[{"name":"wp","href":"https:\/\/api.w.org\/{rel}","templated":true}]}}