{"id":1055,"date":"2023-11-28T09:00:00","date_gmt":"2023-11-28T08:00:00","guid":{"rendered":"https:\/\/doktoranci.uksw.edu.pl\/?page_id=1055"},"modified":"2024-02-23T22:12:28","modified_gmt":"2024-02-23T21:12:28","slug":"wyniki-wyborow-do-parlamentu-samorzadu-doktorantow-uniwersytetu-kardynala-stefana-wyszynskiego-w-warszawie-kadencja-2023-2024","status":"publish","type":"page","link":"https:\/\/doktoranci.uksw.edu.pl\/wyniki-wyborow-do-parlamentu-samorzadu-doktorantow-uniwersytetu-kardynala-stefana-wyszynskiego-w-warszawie-kadencja-2023-2024\/","title":{"rendered":"Wyniki wybor\u00f3w do Parlamentu Samorz\u0105du Doktorant\u00f3w Uniwersytetu Kardyna\u0142a Stefana Wyszy\u0144skiego w Warszawie &#8211; kadencja 2023\/2024"},"content":{"rendered":"\n<figure class=\"wp-block-image size-full\"><img loading=\"lazy\" decoding=\"async\" width=\"940\" height=\"788\" src=\"https:\/\/doktoranci.uksw.edu.pl\/wp-content\/uploads\/sites\/54\/2024\/02\/371505750_340344905282145_2073791791458795543_n.jpg\" alt=\"\" class=\"wp-image-1056\" srcset=\"https:\/\/doktoranci.uksw.edu.pl\/wp-content\/uploads\/sites\/54\/2024\/02\/371505750_340344905282145_2073791791458795543_n.jpg 940w, https:\/\/doktoranci.uksw.edu.pl\/wp-content\/uploads\/sites\/54\/2024\/02\/371505750_340344905282145_2073791791458795543_n-300x251.jpg 300w, https:\/\/doktoranci.uksw.edu.pl\/wp-content\/uploads\/sites\/54\/2024\/02\/371505750_340344905282145_2073791791458795543_n-768x644.jpg 768w\" sizes=\"auto, (max-width: 940px) 100vw, 940px\" \/><\/figure>\n\n\n\n<p>\u270dMamy wynik wybor\u00f3w\ud83d\uddf3<\/p>\n\n\n\n<p>Na kadencj\u0119 2023\/2024 Parlamentu Samorz\u0105du Doktorant\u00f3w Uniwersytetu Kardyna\u0142a Stefana Wyszy\u0144skiego w Warszawie, wg regulaminu Samorz\u0105du Doktorant\u00f3w UKSW, ustalono liczb\u0119 mandat\u00f3w &#8211; 10.<\/p>\n\n\n\n<p>W g\u0142osowaniu udzia\u0142 wzi\u0119\u0142o 35 doktorant\u00f3w. Lista nowych parlamentarzyst\u00f3w oraz parlamentarzystek wraz z liczb\u0105 g\u0142os\u00f3w w kolejno\u015bci alfabetycznej znajduje si\u0119 poni\u017cej.<\/p>\n\n\n\n<p>UWAGA!. Ka\u017cdy doktorant\/ka mog\u0142a\/\u00f3g\u0142 odda\u0107 wi\u0119cej ni\u017c jeden g\u0142os, dlatego suma g\u0142os\u00f3w oddanych na wszystkich kandydat\u00f3w nie r\u00f3wna si\u0119 35.<\/p>\n\n\n\n<p>1) Marcin Bielecki <\/p>\n\n\n\n<p>2) Krzysztof D\u0105browski<\/p>\n\n\n\n<p>3) Ma\u0142gorzata Jaroszek<\/p>\n\n\n\n<p>4) \u0141ukasz Sitkowski <\/p>\n\n\n\n<p>5) Micha\u0142 S\u0119kowski<\/p>\n\n\n\n<p>6) \u0141ukasz Subramanian<\/p>\n\n\n\n<p>7) Micha\u0142 Szkaradek<\/p>\n\n\n\n<p>8) Mariola Pirek <\/p>\n\n\n\n<p>9) Malwina Tkacz<\/p>\n\n\n\n<p>10) Aleksandra Wis\u0142awska<\/p>\n\n\n\n<p>Gratulujemy!<\/p>\n","protected":false},"excerpt":{"rendered":"<p>\u270dMamy wynik wybor\u00f3w\ud83d\uddf3 Na kadencj\u0119 2023\/2024 Parlamentu Samorz\u0105du Doktorant\u00f3w Uniwersytetu Kardyna\u0142a Stefana Wyszy\u0144skiego w Warszawie, wg regulaminu Samorz\u0105du Doktorant\u00f3w UKSW, ustalono liczb\u0119 mandat\u00f3w &#8211; 10. W g\u0142osowaniu udzia\u0142 wzi\u0119\u0142o 35 doktorant\u00f3w. Lista nowych parlamentarzyst\u00f3w oraz parlamentarzystek wraz z liczb\u0105 g\u0142os\u00f3w w kolejno\u015bci alfabetycznej znajduje si\u0119 poni\u017cej. UWAGA!. Ka\u017cdy doktorant\/ka mog\u0142a\/\u00f3g\u0142 odda\u0107 wi\u0119cej ni\u017c jeden g\u0142os, [&hellip;]<\/p>\n","protected":false},"author":83,"featured_media":1057,"parent":0,"menu_order":0,"comment_status":"closed","ping_status":"closed","template":"","meta":{"_acf_changed":false,"inline_featured_image":false,"footnotes":"","_links_to":"","_links_to_target":""},"class_list":["post-1055","page","type-page","status-publish","has-post-thumbnail","hentry"],"acf":[],"_links":{"self":[{"href":"https:\/\/doktoranci.uksw.edu.pl\/pl\/wp-json\/wp\/v2\/pages\/1055","targetHints":{"allow":["GET"]}}],"collection":[{"href":"https:\/\/doktoranci.uksw.edu.pl\/pl\/wp-json\/wp\/v2\/pages"}],"about":[{"href":"https:\/\/doktoranci.uksw.edu.pl\/pl\/wp-json\/wp\/v2\/types\/page"}],"author":[{"embeddable":true,"href":"https:\/\/doktoranci.uksw.edu.pl\/pl\/wp-json\/wp\/v2\/users\/83"}],"replies":[{"embeddable":true,"href":"https:\/\/doktoranci.uksw.edu.pl\/pl\/wp-json\/wp\/v2\/comments?post=1055"}],"version-history":[{"count":1,"href":"https:\/\/doktoranci.uksw.edu.pl\/pl\/wp-json\/wp\/v2\/pages\/1055\/revisions"}],"predecessor-version":[{"id":1058,"href":"https:\/\/doktoranci.uksw.edu.pl\/pl\/wp-json\/wp\/v2\/pages\/1055\/revisions\/1058"}],"wp:featuredmedia":[{"embeddable":true,"href":"https:\/\/doktoranci.uksw.edu.pl\/pl\/wp-json\/wp\/v2\/media\/1057"}],"wp:attachment":[{"href":"https:\/\/doktoranci.uksw.edu.pl\/pl\/wp-json\/wp\/v2\/media?parent=1055"}],"curies":[{"name":"wp","href":"https:\/\/api.w.org\/{rel}","templated":true}]}}