{"id":1007,"date":"2024-02-23T19:33:26","date_gmt":"2024-02-23T18:33:26","guid":{"rendered":"https:\/\/doktoranci.uksw.edu.pl\/?page_id=1007"},"modified":"2024-02-23T19:39:42","modified_gmt":"2024-02-23T18:39:42","slug":"akty-zwiazane-z-ksztalceniem","status":"publish","type":"page","link":"https:\/\/doktoranci.uksw.edu.pl\/akty-zwiazane-z-ksztalceniem\/","title":{"rendered":"Akty zwi\u0105zane z kszta\u0142ceniem"},"content":{"rendered":"\n<p>Regulacje zwi\u0105zane z&nbsp;przewodami doktorskimi, kszta\u0142ceniem w&nbsp;Szkole Doktorskiej reguluje akt z&nbsp;20 lipca 2018&nbsp;r. \u2013 <em>Prawo o&nbsp;szkolnictwie wy\u017cszym i&nbsp;nauce<\/em>, zwanej dalej \u201eUstaw\u0105\u201d z&nbsp;p\u00f3\u017an. zm.<\/p>\n\n\n\n<p><a href=\"https:\/\/isap.sejm.gov.pl\/isap.nsf\/DocDetails.xsp?id=WDU20180001668\">https:\/\/isap.sejm.gov.pl\/isap.nsf\/DocDetails.xsp?id=WDU20180001668<\/a><\/p>\n\n\n\n<p>natomiast na&nbsp;poziomie uczelni odpowiednie dokumenty dost\u0119pne na&nbsp;stronie internetowej Szko\u0142y Doktorskiej Uniwersytetu Kardyna\u0142a Stefana Wyszy\u0144skiego w&nbsp;Warszawie<\/p>\n\n\n\n<p><a href=\"https:\/\/szkoladoktorska.uksw.edu.pl\/doktorant\/akty-prawne\/\" target=\"_blank\" rel=\"noreferrer noopener\">https:\/\/szkoladoktorska.uksw.edu.pl\/doktorant\/akty-prawne\/<\/a><br><br>Poni\u017cej zach\u0119camy do&nbsp;przeczytania opracowania przygotowanego przez&nbsp;mgr. Micha\u0142a Szkaradka o&nbsp;prawach doktoranta:<br>Oto najwa\u017cniejsze z&nbsp;nich:<img loading=\"lazy\" decoding=\"async\" width=\"16\" height=\"16\" src=\"\" alt=\"\ud83d\udc69\u200d\ud83c\udf93\"><img loading=\"lazy\" decoding=\"async\" width=\"16\" height=\"16\" src=\"\" alt=\"\ud83d\udc68\u200d\ud83c\udf93\"><\/p>\n\n\n\n<p>1. Doktoranci mog\u0105 korzysta\u0107 z&nbsp;zakwaterowania w&nbsp;domu studenckim uczelni lub wy\u017cywienia w&nbsp;sto\u0142\u00f3wce studenckiej uczelni na&nbsp;zasadach i&nbsp;w&nbsp;trybie okre\u015blonym w&nbsp;regulaminie \u015bwiadcze\u0144 dla student\u00f3w (strona 115) <img loading=\"lazy\" decoding=\"async\" width=\"16\" height=\"16\" src=\"\" alt=\"\ud83c\udfe0\"><img loading=\"lazy\" decoding=\"async\" width=\"16\" height=\"16\" src=\"\" alt=\"\ud83e\udd58\"><br>2. Doktoranci mog\u0105 otrzyma\u0107 stypendium od&nbsp;jednostki samorz\u0105du terytorialnego na&nbsp;zasadach okre\u015blonych zgodnie z&nbsp;art. 96 ust. 2 i&nbsp;3 (strona 115) <img loading=\"lazy\" decoding=\"async\" width=\"16\" height=\"16\" src=\"\" alt=\"\ud83d\udcb8\"><br>3. Doktoranci mog\u0105 otrzyma\u0107 stypendium naukowe od&nbsp;osoby fizycznej lub osoby prawnej nieb\u0119d\u0105cej pa\u0144stwow\u0105 ani samorz\u0105dow\u0105 osob\u0105 prawn\u0105 na&nbsp;zasadach okre\u015blonych w&nbsp;art. 97 ust. 2 (strona 115) <img loading=\"lazy\" decoding=\"async\" width=\"16\" height=\"16\" src=\"\" alt=\"\ud83d\udcb6\"><br>4. Jednostka samorz\u0105du terytorialnego mo\u017ce przyzna\u0107 osobom legitymuj\u0105cym si\u0119 legitymacj\u0105 doktoranta ulgi w&nbsp;op\u0142atach za&nbsp;przejazdy publicznymi \u015brodkami komunikacji miejskiej (strona 115) <img loading=\"lazy\" decoding=\"async\" width=\"16\" height=\"16\" src=\"\" alt=\"\ud83d\ude8c\"><br>5. Doktoranci w&nbsp;podmiocie prowadz\u0105cym szko\u0142\u0119 doktorsk\u0105 tworz\u0105 samorz\u0105d doktorant\u00f3w. Do&nbsp;samorz\u0105du doktorant\u00f3w stosuje si\u0119 odpowiednio przepisy art. 106 i&nbsp;art. 110 ust. 2\u20139 (strona 115) <img loading=\"lazy\" decoding=\"async\" width=\"16\" height=\"16\" src=\"\" alt=\"\ud83d\udcda\"><br>6. Doktoranci maj\u0105 prawo zrzeszania si\u0119 w&nbsp;organizacjach doktorant\u00f3w w&nbsp;podmiocie prowadz\u0105cym szko\u0142\u0119 doktorsk\u0105. Do&nbsp;organizacji doktorant\u00f3w oraz&nbsp;stowarzysze\u0144, kt\u00f3re nie&nbsp;zrzeszaj\u0105 innych cz\u0142onk\u00f3w opr\u00f3cz doktorant\u00f3w, student\u00f3w i&nbsp;pracownik\u00f3w uczelni, stosuje si\u0119 odpowiednio przepisy art. 111 ust. 2\u20137 (strona 115) <img loading=\"lazy\" decoding=\"async\" width=\"16\" height=\"16\" src=\"\" alt=\"\ud83c\udf93\"><br>7. Doktorant podlega odpowiedzialno\u015bci dyscyplinarnej za&nbsp;naruszenie przepis\u00f3w obowi\u0105zuj\u0105cych w&nbsp;podmiocie prowadz\u0105cym szko\u0142\u0119 doktorsk\u0105 oraz&nbsp;za&nbsp;czyn uchybiaj\u0105cy godno\u015bci doktoranta. Do&nbsp;odpowiedzialno\u015bci dyscyplinarnej doktorant\u00f3w stosuje si\u0119 odpowiednio przepisy art. 307 ust. 2, art. 308\u2013320 oraz&nbsp;przepisy wydane na&nbsp;podstawie art. 321 (strona 160) <img loading=\"lazy\" decoding=\"async\" width=\"16\" height=\"16\" src=\"\" alt=\"\u2696\ufe0f\"><\/p>\n\n\n\n<p><img loading=\"lazy\" decoding=\"async\" width=\"16\" height=\"16\" src=\"\" alt=\"\u27a1\ufe0f\">Opracowano na&nbsp;podstawie Ustawy Prawo o&nbsp;Szkolnictwie Wy\u017cszym i&nbsp;Nauce z&nbsp;20 lipca 2018&nbsp;r. (aut. M. Szkaradek)<\/p>\n","protected":false},"excerpt":{"rendered":"<p>Regulacje zwi\u0105zane z&nbsp;przewodami doktorskimi, kszta\u0142ceniem w&nbsp;Szkole Doktorskiej reguluje akt z&nbsp;20 lipca 2018&nbsp;r. \u2013 Prawo o&nbsp;szkolnictwie wy\u017cszym i&nbsp;nauce, zwanej dalej \u201eUstaw\u0105\u201d z&nbsp;p\u00f3\u017an. zm. https:\/\/isap.sejm.gov.pl\/isap.nsf\/DocDetails.xsp?id=WDU20180001668 natomiast na&nbsp;poziomie uczelni odpowiednie dokumenty dost\u0119pne na&nbsp;stronie internetowej Szko\u0142y Doktorskiej Uniwersytetu Kardyna\u0142a Stefana Wyszy\u0144skiego w&nbsp;Warszawie https:\/\/szkoladoktorska.uksw.edu.pl\/doktorant\/akty-prawne\/ Poni\u017cej zach\u0119camy do&nbsp;przeczytania opracowania przygotowanego przez&nbsp;mgr. Micha\u0142a Szkaradka o&nbsp;prawach doktoranta:Oto najwa\u017cniejsze z&nbsp;nich: 1. Doktoranci mog\u0105 korzysta\u0107 [&hellip;]<\/p>\n","protected":false},"author":83,"featured_media":0,"parent":0,"menu_order":0,"comment_status":"closed","ping_status":"closed","template":"","meta":{"_acf_changed":false,"inline_featured_image":false,"footnotes":"","_links_to":"","_links_to_target":""},"class_list":["post-1007","page","type-page","status-publish","hentry"],"acf":[],"_links":{"self":[{"href":"https:\/\/doktoranci.uksw.edu.pl\/pl\/wp-json\/wp\/v2\/pages\/1007","targetHints":{"allow":["GET"]}}],"collection":[{"href":"https:\/\/doktoranci.uksw.edu.pl\/pl\/wp-json\/wp\/v2\/pages"}],"about":[{"href":"https:\/\/doktoranci.uksw.edu.pl\/pl\/wp-json\/wp\/v2\/types\/page"}],"author":[{"embeddable":true,"href":"https:\/\/doktoranci.uksw.edu.pl\/pl\/wp-json\/wp\/v2\/users\/83"}],"replies":[{"embeddable":true,"href":"https:\/\/doktoranci.uksw.edu.pl\/pl\/wp-json\/wp\/v2\/comments?post=1007"}],"version-history":[{"count":2,"href":"https:\/\/doktoranci.uksw.edu.pl\/pl\/wp-json\/wp\/v2\/pages\/1007\/revisions"}],"predecessor-version":[{"id":1018,"href":"https:\/\/doktoranci.uksw.edu.pl\/pl\/wp-json\/wp\/v2\/pages\/1007\/revisions\/1018"}],"wp:attachment":[{"href":"https:\/\/doktoranci.uksw.edu.pl\/pl\/wp-json\/wp\/v2\/media?parent=1007"}],"curies":[{"name":"wp","href":"https:\/\/api.w.org\/{rel}","templated":true}]}}