{"id":1005,"date":"2024-02-23T19:33:26","date_gmt":"2024-02-23T18:33:26","guid":{"rendered":"https:\/\/doktoranci.uksw.edu.pl\/?page_id=1005"},"modified":"2024-06-27T11:47:01","modified_gmt":"2024-06-27T09:47:01","slug":"qa","status":"publish","type":"page","link":"https:\/\/doktoranci.uksw.edu.pl\/qa\/","title":{"rendered":"Q&amp;A"},"content":{"rendered":"\n<p>Q&amp;A \u2013 czyli najcz\u0119stsze pytania i&nbsp;odpowiedzi zwi\u0105zane z&nbsp;kszta\u0142ceniem w&nbsp;Szkole Doktorskiej, przewodem doktorskim oraz&nbsp;sprawami naukowo-administracyjnymi.<\/p>\n\n\n\n<p>W&nbsp;przypadku braku odnalezienia na&nbsp;tej&nbsp;li\u015bcie odpowiedzi na&nbsp;nurtuj\u0105ce Ciebie pytanie, ogromnie zach\u0119camy do&nbsp;kontaktu mailowego: doktoranci@uksw.edu.pl, dzi\u0119ki czemu pomo\u017cesz rozbudowa\u0107 t\u0105&nbsp;list\u0119, jak i&nbsp;r\u00f3wnie\u017c pozwolimy Ci&nbsp;rozwia\u0107 wszelkie w\u0105tpliwo\u015bci \ud83d\ude42<\/p>\n\n\n\n<ol class=\"wp-block-list\" type=\"1\" start=\"1\">\n<li><strong>Kto zajmuje si\u0119 sprawami doktorant\u00f3w w\u00a0Szkole Doktorskiej UKSW?<\/strong><br>Sprawami doktorant\u00f3w, zajmuje si\u0119 biuro Szko\u0142y Doktorskiej UKSW. Dane kontaktowe oraz\u00a0godziny przyj\u0119\u0107 znajdziesz pod\u00a0tym adresem: <a href=\"https:\/\/szkoladoktorska.uksw.edu.pl\/kontakt\/\" target=\"_blank\" rel=\"noreferrer noopener\">https:\/\/szkoladoktorska.uksw.edu.pl\/kontakt\/<\/a><br><\/li>\n\n\n\n<li><strong>Poszukuje kontaktu do\u00a0osoby zajmuj\u0105cej si\u0119 [\u2026], poszukuj\u0119 odpowiedniego dzia\u0142u. Do\u00a0kogo mam si\u0119 z\u00a0zapytaniem kierowa\u0107?<\/strong><br>Pod\u00a0adresem <a href=\"https:\/\/uksw.edu.pl\/uniwersytet\/struktura-organizacyjna\/\" target=\"_blank\" rel=\"noreferrer noopener\">https:\/\/uksw.edu.pl\/uniwersytet\/struktura-organizacyjna\/<\/a> oraz\u00a0<a href=\"https:\/\/uksw.edu.pl\/nauka\/instytuty-i-centra\/\" target=\"_blank\" rel=\"noreferrer noopener\">https:\/\/uksw.edu.pl\/nauka\/instytuty-i-centra\/<\/a> znajdziesz wszelkie informacje o\u00a0wydzia\u0142ach, instytutach po\u00a0przej\u015bciu na\u00a0kt\u00f3re b\u0119dziesz m\u00f3g\u0142\/mog\u0142a znale\u017a\u0107 konkretn\u0105 osob\u0119. W\u00a0razie problemu r\u00f3wnie\u017c s\u0142u\u017cymy pomoc\u0105.<br><\/li>\n\n\n\n<li><strong>Chcia\u0142bym\/abym uzyska\u0107 dofinansowanie na\u00a0sw\u00f3j projekt badawczy\/badania. Gdzie mog\u0119 znale\u017a\u0107 informacje o\u00a0mo\u017cliwo\u015bciach finansowania?<\/strong><br>Sprawami bada\u0144 naukowych, wsparciem w\u00a0zakresie wnioskowania o\u00a0finansowanie wewn\u0119trzne oraz\u00a0zewn\u0119trzne zajmuje si\u0119 Biuro ds.\u00a0Bada\u0144 Naukowych: <a href=\"https:\/\/bbn.uksw.edu.pl\/pl\/\" target=\"_blank\" rel=\"noreferrer noopener\">https:\/\/bbn.uksw.edu.pl\/pl\/<\/a><br>Biuro na\u00a0swojej stronie umieszcza informacje nt.\u00a0otwartych i\u00a0zbli\u017caj\u0105cych si\u0119 konkurs\u00f3w krajowych i\u00a0mi\u0119dzynarodowych kt\u00f3re r\u00f3wnie\u017c dotycz\u0105 doktorant\u00f3w.<br><\/li>\n\n\n\n<li><strong>Jestem osob\u0105 z\u00a0niepe\u0142nosprawno\u015bci\u0105\/\u015bciami. Potrzebuje pomocy w\u00a0zakresie kszta\u0142cenia jak pomocy w\u00a0tym zakresie. Do\u00a0kogo mog\u0119 si\u0119 zwr\u00f3ci\u0107 z\u00a0pomoc\u0105?<\/strong><br>Sprawami os\u00f3b z\u00a0niepe\u0142nosprawno\u015bciami, zajmuje si\u0119 Biuro ds.\u00a0Os\u00f3b z\u00a0Niepe\u0142nosprawno\u015bci\u0105. Zach\u0119camy do\u00a0skontaktowania si\u0119 z\u00a0biurem <a href=\"https:\/\/bon.uksw.edu.pl\/kontakt\/\" target=\"_blank\" rel=\"noreferrer noopener\">https:\/\/bon.uksw.edu.pl\/kontakt\/<\/a><br><\/li>\n\n\n\n<li><strong>Jestem osob\u0105 z\u00a0niepe\u0142nosprawno\u015bci\u0105\/\u015bciami. Chcia\u0142bym\/abym wiedzie\u0107 o\u00a0dostosowaniach budynk\u00f3w do\u00a0os\u00f3b z\u00a0niepe\u0142nosprawno\u015bciami.<\/strong><br>Na\u00a0naszym uniwersytecie, zosta\u0142a opracowana tzw. Deklaracja Dost\u0119pno\u015bci.<br><a href=\"https:\/\/uksw.edu.pl\/deklaracja-dostepnosci\/dostepnosc-architektoniczna\/\" target=\"_blank\" rel=\"noreferrer noopener\">https:\/\/uksw.edu.pl\/deklaracja-dostepnosci\/dostepnosc-architektoniczna\/<\/a> opisuje ona udogodnienia, mo\u017cliwo\u015bci uzyskania pomocy i\u00a0rozmieszczenie portierni i\u00a0pracownika Gwardii uniwersyteckiej, kt\u00f3ry\u00a0s\u0142u\u017cy pomoc\u0105.<br><\/li>\n\n\n\n<li><strong>Mam pytania zwi\u0105zane ze\u00a0stypendium doktoranckim, jego wysoko\u015bci\u0105 oraz\u00a0innymi kwestiami. Do\u00a0kogo skierowa\u0107 pytania?<\/strong><br>Zach\u0119camy do\u00a0kontaktu w\u00a0tej\u00a0sprawie z\u00a0Biurem Szko\u0142y Doktorskiej <a href=\"https:\/\/szkoladoktorska.uksw.edu.pl\/kontakt\/\" target=\"_blank\" rel=\"noreferrer noopener\">https:\/\/szkoladoktorska.uksw.edu.pl\/kon<\/a><br><\/li>\n\n\n\n<li><strong>Jestem doktorantem I\u00a0roku i\u00a0musz\u0119 wyznaczy\u0107 promotora\/promotor\u00f3w\/promotora pomocniczego? Do\u00a0kiedy i\u00a0do\u00a0kogo musz\u0119 zawnioskowa\u0107 w\u00a0tej\u00a0sprawie?<\/strong><br>W\u00a0terminie 30 dni od\u00a0dnia podj\u0119cia kszta\u0142cenia wyst\u0105pi\u0107 do\u00a0w\u0142a\u015bciwej Rady Dyscypliny z\u00a0wnioskiem o\u00a0wyznaczenie promotora, promotor\u00f3w lub promotora pomocniczego, zawieraj\u0105cym:<br>1) propozycj\u0119 os\u00f3b do\u00a0pe\u0142nienia funkcji promotora\/promotor\u00f3w\/promotor\u00f3w;<br>2) zgod\u0119 os\u00f3b do\u00a0pe\u0142nienia powy\u017cszych funkcji;<br>3) uzasadnienie, w\u00a0kt\u00f3rym\u00a0wskazuje w\u00a0szczeg\u00f3lno\u015bci do\u015bwiadczenie promotora zwi\u0105zane z\u00a0podj\u0119tym tematem badawczym doktoranta.<br><strong>Wniosek nale\u017cy z\u0142o\u017cy\u0107 w\u00a0Biurze Szkole Doktorskiej.<\/strong><br>Nast\u0119pnie poprawnie z\u0142o\u017cony wniosek zostanie skierowany do\u00a0opinii Dyrektora Szko\u0142y Doktorskiej. Po\u00a0pozytywnym zaopiniowaniu, w\u00a0terminie trzech miesi\u0119cy od\u00a0dnia podj\u0119cia kszta\u0142cenia Rada Dyscypliny w\u00a0g\u0142osowaniu tajnym wyznacza promotora, promotor\u00f3w lub promotora pomocniczego. (aut. \u0141.Sitkowski)<br><\/li>\n\n\n\n<li><strong>Mam pytanie zwi\u0105zane z\u00a0realizacj\u0105 praktyk dydaktycznych w\u00a0Szkole Doktorskiej. Czy\u00a0s\u0105\u00a0obowi\u0105zkowe? Je\u015bli tak, to\u00a0kiedy i\u00a0w\u00a0jakim wymiarze godzinowym musz\u0119 je\u00a0wyrobi\u0107?<\/strong><br>Nie, nie\u00a0s\u0105\u00a0obowi\u0105zkowe. Mog\u0105 by\u0107 realizowane przez\u00a0doktoranta dopiero po\u00a0uzyskaniu pozytywnej ocenie \u015br\u00f3dokresowej, czyli na\u00a0III i\u00a0IV roku kszta\u0142cenia. Informacja o\u00a0zaplanowanych zaj\u0119ciach powinna znale\u017a\u0107 si\u0119 w\u00a0indywidualnym planie badawczym. \u0141\u0105czny wymiar zaj\u0119\u0107 nie\u00a0mo\u017ce przekroczy\u0107 60 godzin dydaktycznych w\u00a0toku kszta\u0142cenia. (aut. \u0141.Sitkowski)<br><\/li>\n\n\n\n<li><strong>Czy jako doktorant mog\u0119 ubiega\u0107 si\u0119 o kredyt studencki?<\/strong><br>Tak, stosuje si\u0119 w tym zakresie odpowiednio przepisy o kredytach studenckich, z tym \u017ce kredyt mo\u017ce otrzyma\u0107 doktorant, kt\u00f3ry nie uko\u0144czy\u0142 35. roku \u017cycia. Kredyt jest udzielany na okres kszta\u0142cenia w szkole doktorskiej tylko raz, nie d\u0142u\u017cej ni\u017c na 4 lata.<br><br>O kredyt studencki mog\u0105 ubiega\u0107 si\u0119 r\u00f3wnie\u017c doktoranci, kt\u00f3rzy rozpocz\u0119li studia doktoranckie przed rokiem akademickim 2019\/2020. W tym przypadku kredyt jest udzielany na okres studi\u00f3w doktoranckich, nie d\u0142u\u017cszy jednak ni\u017c 4 lata.<br><br>Do doktorant\u00f3w stosuje si\u0119 odpowiednio przepisy o kredytach studenckich dla student\u00f3w, w tym m.in. wym\u00f3g miesi\u0119cznego dochodu na osob\u0119 w rodzinie z roku poprzedzaj\u0105cego rok z\u0142o\u017cenia wniosku ni\u017cszego lub r\u00f3wnego kwocie okre\u015blonej przez Ministra.<br><em>Podstawa prawna: art. 210 ustawy z dnia 20 lipca 2018 r. \u2013 Prawo o szkolnictwie wy\u017cszym i nauce. \u00a0<\/em><br>(aut. A. Wis\u0142awska)<br><\/li>\n\n\n\n<li><strong>Czy doktorant ma prawo do urlopu na przygotowanie rozprawy doktorskiej?<\/strong><br>Tak, pracownikowi nieb\u0119d\u0105cemu nauczycielem akademickim lub pracownikiem naukowym przys\u0142uguje, na jego wniosek:<br>1) urlop na przygotowanie rozprawy doktorskiej lub na przygotowanie si\u0119 do obrony rozprawy doktorskiej, udzielany w terminie uzgodnionym z pracodawc\u0105, w wymiarze 28 dni, kt\u00f3re w rozumieniu odr\u0119bnych przepis\u00f3w s\u0105 dla tego pracownika dniami pracy, oraz<br>2) zwolnienie od pracy na obron\u0119 rozprawy doktorskiej.<br><br>Za okres urlopu oraz zwolnienia od pracy pracownikowi przys\u0142uguje wynagrodzenie ustalane jak za urlop wypoczynkowy.<br><em>Podstawa prawna: art. 196 ustawy z dnia 20 lipca 2018 r. \u2013 Prawo o szkolnictwie wy\u017cszym i nauce.<\/em><br>(aut. A. Wis\u0142awska)<br><\/li>\n\n\n\n<li><strong>Czy doktorantowi przys\u0142uguje prawo ubiegania si\u0119 o miejsce w domu studenckim?<\/strong><br>Tak, doktorant mo\u017ce ubiega\u0107 si\u0119 o:<br>1) zakwaterowanie w domu studenckim uczelni lub wy\u017cywienie w sto\u0142\u00f3wce studenckiej uczelni,<br>2) zakwaterowanie ma\u0142\u017conka lub dziecka w domu studenckim uczelni<br>&#8211; na zasadach i w trybie okre\u015blonych w regulaminie \u015bwiadcze\u0144 dla student\u00f3w.<br><em>Podstawa prawna: art. 211 ustawy z dnia 20 lipca 2018 r. \u2013 Prawo o szkolnictwie wy\u017cszym i nauce.<\/em><br>(aut. A. Wis\u0142awska)<br><\/li>\n\n\n\n<li><strong>Czy doktorant mo\u017ce podejmowa\u0107 zatrudnienie poza uczelni\u0105?<\/strong><br>Tak, doktorant mo\u017ce podejmowa\u0107 zatrudnienie poza uczelni\u0105 i nie b\u0119dzie to wi\u0105za\u0142o si\u0119 z utrat\u0105 stypendium doktoranckiego. Nale\u017cy jednak pami\u0119ta\u0107, \u017ce praca zawodowa nie mo\u017ce by\u0107 usprawiedliwieniem niewywi\u0105zywania si\u0119 z obowi\u0105zk\u00f3w doktoranta.<br>(aut. A. Wis\u0142awska)<br><\/li>\n\n\n\n<li><strong>Czy w okresie kszta\u0142cenia w Szkole Doktorskiej, odprowadzane s\u0105 sk\u0142adki na ubezpieczenie?<\/strong><br>Tak, s\u0105 to sk\u0142adki na ubezpieczenie spo\u0142eczne (tj. emerytalne, rentowe oraz wypadkowe), jak i r\u00f3wnie\u017c chorobowe na wniosek doktoranta\/tki. W przypadku gdy nie posiada innego tytu\u0142u do ubezpieczenia zdrowotnego, r\u00f3wnie\u017c podlega temu ubezpieczeniu po zg\u0142oszeniu tego faktu. Wi\u0119cej informacji o sk\u0142adkach na stronie internetowej Szko\u0142y Doktorskiej UKSW: <a href=\"https:\/\/szkoladoktorska.uksw.edu.pl\/doktorant\/ubezpieczenie\/ \">https:\/\/szkoladoktorska.uksw.edu.pl\/doktorant\/ubezpieczenie\/ <\/a> jak i r\u00f3wnie\u017c w broszurce informacyjnej kt\u00f3ra zosta\u0142a przygotowana przez specjalist\u00f3w z Zak\u0142adu Ubezpiecze\u0144 Spo\u0142ecznych (ZUS): <a href=\"https:\/\/www.zus.pl\/documents\/10182\/24202\/Ubezp.+spo%C5%82.+i+zdrowotne+doktorant%C3%B3w.pdf\/52c91c3b-363a-f776-e1cb-0ddba638df82 \">https:\/\/www.zus.pl\/documents\/10182\/24202\/Ubezp.+spo%C5%82.+i+zdrowotne+doktorant%C3%B3w.pdf\/52c91c3b-363a-f776-e1cb-0ddba638df82 <\/a><br><\/li>\n<\/ol>\n","protected":false},"excerpt":{"rendered":"<p>Q&amp;A \u2013 czyli najcz\u0119stsze pytania i&nbsp;odpowiedzi zwi\u0105zane z&nbsp;kszta\u0142ceniem w&nbsp;Szkole Doktorskiej, przewodem doktorskim oraz&nbsp;sprawami naukowo-administracyjnymi. W&nbsp;przypadku braku odnalezienia na&nbsp;tej&nbsp;li\u015bcie odpowiedzi na&nbsp;nurtuj\u0105ce Ciebie pytanie, ogromnie zach\u0119camy do&nbsp;kontaktu mailowego: doktoranci@uksw.edu.pl, dzi\u0119ki czemu pomo\u017cesz rozbudowa\u0107 t\u0105&nbsp;list\u0119, jak i&nbsp;r\u00f3wnie\u017c pozwolimy Ci&nbsp;rozwia\u0107 wszelkie w\u0105tpliwo\u015bci \ud83d\ude42<\/p>\n","protected":false},"author":83,"featured_media":0,"parent":0,"menu_order":0,"comment_status":"closed","ping_status":"closed","template":"","meta":{"_acf_changed":false,"inline_featured_image":false,"footnotes":"","_links_to":"","_links_to_target":""},"class_list":["post-1005","page","type-page","status-publish","hentry"],"acf":[],"_links":{"self":[{"href":"https:\/\/doktoranci.uksw.edu.pl\/pl\/wp-json\/wp\/v2\/pages\/1005","targetHints":{"allow":["GET"]}}],"collection":[{"href":"https:\/\/doktoranci.uksw.edu.pl\/pl\/wp-json\/wp\/v2\/pages"}],"about":[{"href":"https:\/\/doktoranci.uksw.edu.pl\/pl\/wp-json\/wp\/v2\/types\/page"}],"author":[{"embeddable":true,"href":"https:\/\/doktoranci.uksw.edu.pl\/pl\/wp-json\/wp\/v2\/users\/83"}],"replies":[{"embeddable":true,"href":"https:\/\/doktoranci.uksw.edu.pl\/pl\/wp-json\/wp\/v2\/comments?post=1005"}],"version-history":[{"count":9,"href":"https:\/\/doktoranci.uksw.edu.pl\/pl\/wp-json\/wp\/v2\/pages\/1005\/revisions"}],"predecessor-version":[{"id":1410,"href":"https:\/\/doktoranci.uksw.edu.pl\/pl\/wp-json\/wp\/v2\/pages\/1005\/revisions\/1410"}],"wp:attachment":[{"href":"https:\/\/doktoranci.uksw.edu.pl\/pl\/wp-json\/wp\/v2\/media?parent=1005"}],"curies":[{"name":"wp","href":"https:\/\/api.w.org\/{rel}","templated":true}]}}